{"id":1152,"date":"2016-05-30T01:34:56","date_gmt":"2016-05-30T12:04:56","guid":{"rendered":"http:\/\/www.happeningcreation.com\/?page_id=1152"},"modified":"2025-09-12T03:49:03","modified_gmt":"2025-09-12T14:19:03","slug":"le-jeu-de-lamour-et-du-hasard","status":"publish","type":"page","link":"https:\/\/www.happeningcreation.com\/?page_id=1152","title":{"rendered":""},"content":{"rendered":"\t\t<div data-elementor-type=\"wp-post\" data-elementor-id=\"1152\" class=\"elementor elementor-1152\" data-elementor-post-type=\"page\">\n\t\t\t\t\t\t<section class=\"elementor-section elementor-top-section elementor-element elementor-element-5d2b491 elementor-section-boxed elementor-section-height-default elementor-section-height-default\" data-id=\"5d2b491\" data-element_type=\"section\" data-e-type=\"section\">\n\t\t\t\t\t\t<div class=\"elementor-container elementor-column-gap-default\">\n\t\t\t\t\t<div class=\"elementor-column elementor-col-50 elementor-top-column elementor-element elementor-element-a3cda26\" data-id=\"a3cda26\" data-element_type=\"column\" data-e-type=\"column\">\n\t\t\t<div class=\"elementor-widget-wrap elementor-element-populated\">\n\t\t\t\t\t\t<div class=\"elementor-element elementor-element-86f6751 elementor-widget elementor-widget-image\" data-id=\"86f6751\" data-element_type=\"widget\" data-e-type=\"widget\" data-widget_type=\"image.default\">\n\t\t\t\t<div class=\"elementor-widget-container\">\n\t\t\t\t\t\t\t\t\t\t\t\t\t\t\t<img fetchpriority=\"high\" decoding=\"async\" width=\"520\" height=\"771\" src=\"https:\/\/www.happeningcreation.com\/wp-content\/uploads\/Affiche-Artistic-BD-.jpg\" class=\"attachment-large size-large wp-image-4933\" alt=\"\" srcset=\"https:\/\/www.happeningcreation.com\/wp-content\/uploads\/Affiche-Artistic-BD-.jpg 520w, https:\/\/www.happeningcreation.com\/wp-content\/uploads\/Affiche-Artistic-BD--202x300.jpg 202w\" sizes=\"(max-width: 520px) 100vw, 520px\" \/>\t\t\t\t\t\t\t\t\t\t\t\t\t\t\t<\/div>\n\t\t\t\t<\/div>\n\t\t\t\t\t<\/div>\n\t\t<\/div>\n\t\t\t\t<div class=\"elementor-column elementor-col-50 elementor-top-column elementor-element elementor-element-6b7f48b\" data-id=\"6b7f48b\" data-element_type=\"column\" data-e-type=\"column\">\n\t\t\t<div class=\"elementor-widget-wrap elementor-element-populated\">\n\t\t\t\t\t\t<div class=\"elementor-element elementor-element-75c3526 elementor-widget elementor-widget-text-editor\" data-id=\"75c3526\" data-element_type=\"widget\" data-e-type=\"widget\" data-widget_type=\"text-editor.default\">\n\t\t\t\t<div class=\"elementor-widget-container\">\n\t\t\t\t\t\t\t\t\t<p class=\"font_7 wixui-rich-text__text\">DE : <strong>ALFRED DE MUSSET<\/strong><br \/>ADAPTATION ET MISE EN SC\u00c8NE : <strong>PHILIPPE CALVARIO<\/strong><br \/>AVEC : <strong>ZO\u00c9 ADJANI, PHILIPPE CALVARIO, MIKA\u00cbL MITTELSTADT<\/strong> EN ALTERNANCE AVEC <strong>PIERRE HUREL, HAMEZA EL OMARI, DELPHINE RICH <\/strong>ET<strong> CHRISTOF VEILLON<\/strong> .<\/p><p>COLLABORATION ARTISTIQUE : <strong>SOPHIE TELLIER<\/strong> &#8211; SC\u00c9NOGRAPHIE : <strong>ROLAND FONTAINE<\/strong> &#8211; COSTUMES : <strong>AURORE POPINEAU<\/strong> &#8211; CR\u00c9ATION MUSICALE : <strong>CHRISTIAN KIAPPE<\/strong> &#8211; CR\u00c9ATION LUMI\u00c8RE : <strong>CHRISTIAN PINAUD<\/strong> &#8211; R\u00c9GIE G\u00c9N\u00c9RALE : <strong>S\u00c9BASTIEN ALVES<\/strong> &#8211; ADMINISTRATION DE PRODUCTION : <strong>DANIEL ROULAND<\/strong> &#8211; DRAMATURGIE : <strong>MODESTINE PELLET<\/strong><\/p><p class=\"font_7 wixui-rich-text__text\">PRODUCTION : SAUDADE COMPAGNIE<br \/>COPRODUCTION : COM\u00c9DIE DE PICARDIE.<br \/>DIFFUSION : SC\u00c8NE &amp; CIES<br \/>AVEC LE SOUTIEN DU JTN \u2013 JEUNE TH\u00c9\u00c2TRE NATIONAL<\/p><p>\u00a9 CR\u00c9DIT PHOTOS : <strong>LUDOVIC LELEU<\/strong><\/p><p class=\"font_7 wixui-rich-text__text\">DU <strong>4 AU 30 NOVEMBRE<\/strong> 2025 A L\u2019<strong>ARTISTIC TH\u00c9\u00c2TRE<\/strong><br \/>45 bis rue Richard Lenoir, 75 011 Paris<br \/><strong>Mercredi et jeudi \u00e0 19h, vendredi 20h30, samedi 17h et 20h30, dimanche 15h.<\/strong><br \/>Repr\u00e9sentation exceptionnelle mardi 4 novembre \u00e0 20h.<br \/>Rel\u00e2che vendredi 7 novembre.<\/p><p>DUR\u00c9E : 1H20<br \/>A PARTIR DE 12 ANS<\/p>\t\t\t\t\t\t\t\t<\/div>\n\t\t\t\t<\/div>\n\t\t\t\t\t<\/div>\n\t\t<\/div>\n\t\t\t\t\t<\/div>\n\t\t<\/section>\n\t\t\t\t<section class=\"elementor-section elementor-top-section elementor-element elementor-element-08a77ed elementor-section-boxed elementor-section-height-default elementor-section-height-default\" data-id=\"08a77ed\" data-element_type=\"section\" data-e-type=\"section\">\n\t\t\t\t\t\t<div class=\"elementor-container elementor-column-gap-default\">\n\t\t\t\t\t<div class=\"elementor-column elementor-col-100 elementor-top-column elementor-element elementor-element-6796ee9\" data-id=\"6796ee9\" data-element_type=\"column\" data-e-type=\"column\">\n\t\t\t<div class=\"elementor-widget-wrap elementor-element-populated\">\n\t\t\t\t\t\t<div class=\"elementor-element elementor-element-28b837c elementor-widget elementor-widget-text-editor\" data-id=\"28b837c\" data-element_type=\"widget\" data-e-type=\"widget\" data-widget_type=\"text-editor.default\">\n\t\t\t\t<div class=\"elementor-widget-container\">\n\t\t\t\t\t\t\t\t\t<p>Le jeune C\u0153lio r\u00eave de conqu\u00e9rir Marianne, \u00e9pouse du juge Claudio. N&rsquo;osant l&rsquo;aborder, il tente d&rsquo;abord d&rsquo;utiliser l&rsquo;entremise de la vieille Ciuta, qui n&rsquo;obtient rien de la jeune femme que l&rsquo;affirmation de sa fid\u00e9lit\u00e9 conjugale.\u00a0<br class=\"wixui-rich-text__text\" \/>C\u0153lio se tourne vers un autre entremetteur, son ami Octave, bon-vivant et libertin et cousin du mari de Marianne, Claudio. Marianne reste indiff\u00e9rente \u00e0 C\u0153lio, mais tombe amoureuse d&rsquo;Octave ; elle lui d\u00e9voile son amour \u00e0 mots couverts et lui fixe un rendez-vous. Octave, d&rsquo;abord ind\u00e9cis, choisit la loyaut\u00e9 et envoie C\u0153lio au rendez-vous obtenu.\u00a0<br class=\"wixui-rich-text__text\" \/>Cependant, Claudio soup\u00e7onne l&rsquo;infid\u00e9lit\u00e9 de sa femme et engage des spadassins pour tuer tout amant qui s&rsquo;approcherait de la maison. C\u0153lio tombe dans le guet-apens et, mourant, peut croire \u00e0 la trahison de son ami en entendant Marianne, tromp\u00e9e par l&rsquo;obscurit\u00e9, l&rsquo;accueillir du nom d&rsquo;Octave.\u00a0<span class=\"wixui-rich-text__text\">Octave, accabl\u00e9, renonce \u00e0 sa vie de plaisirs et repousse s\u00e8chement l&rsquo;amour que lui d\u00e9clare Marianne.<\/span><\/p>\t\t\t\t\t\t\t\t<\/div>\n\t\t\t\t<\/div>\n\t\t\t\t\t<\/div>\n\t\t<\/div>\n\t\t\t\t\t<\/div>\n\t\t<\/section>\n\t\t\t\t<section class=\"elementor-section elementor-top-section elementor-element elementor-element-13911f5 elementor-section-boxed elementor-section-height-default elementor-section-height-default\" data-id=\"13911f5\" data-element_type=\"section\" data-e-type=\"section\">\n\t\t\t\t\t\t<div class=\"elementor-container elementor-column-gap-default\">\n\t\t\t\t\t<div class=\"elementor-column elementor-col-100 elementor-top-column elementor-element elementor-element-4914ad0\" data-id=\"4914ad0\" data-element_type=\"column\" data-e-type=\"column\">\n\t\t\t<div class=\"elementor-widget-wrap elementor-element-populated\">\n\t\t\t\t\t\t<div class=\"elementor-element elementor-element-6b36343 elementor-widget elementor-widget-image\" data-id=\"6b36343\" data-element_type=\"widget\" data-e-type=\"widget\" data-widget_type=\"image.default\">\n\t\t\t\t<div class=\"elementor-widget-container\">\n\t\t\t\t\t\t\t\t\t\t\t\t\t\t\t<img decoding=\"async\" width=\"584\" height=\"390\" src=\"https:\/\/www.happeningcreation.com\/wp-content\/uploads\/c39375_a3cb0e98bf4e49548cb98809d19ca92emv2.webp\" class=\"attachment-large size-large wp-image-4591\" alt=\"\" srcset=\"https:\/\/www.happeningcreation.com\/wp-content\/uploads\/c39375_a3cb0e98bf4e49548cb98809d19ca92emv2.webp 785w, https:\/\/www.happeningcreation.com\/wp-content\/uploads\/c39375_a3cb0e98bf4e49548cb98809d19ca92emv2-300x200.webp 300w, https:\/\/www.happeningcreation.com\/wp-content\/uploads\/c39375_a3cb0e98bf4e49548cb98809d19ca92emv2-768x513.webp 768w, https:\/\/www.happeningcreation.com\/wp-content\/uploads\/c39375_a3cb0e98bf4e49548cb98809d19ca92emv2-449x300.webp 449w\" sizes=\"(max-width: 584px) 100vw, 584px\" \/>\t\t\t\t\t\t\t\t\t\t\t\t\t\t\t<\/div>\n\t\t\t\t<\/div>\n\t\t\t\t\t<\/div>\n\t\t<\/div>\n\t\t\t\t\t<\/div>\n\t\t<\/section>\n\t\t\t\t<section class=\"elementor-section elementor-top-section elementor-element elementor-element-wbelrin elementor-section-boxed elementor-section-height-default elementor-section-height-default\" data-id=\"wbelrin\" data-element_type=\"section\" data-e-type=\"section\">\n\t\t\t\t\t\t<div class=\"elementor-container elementor-column-gap-default\">\n\t\t\t\t\t<div class=\"elementor-column elementor-col-100 elementor-top-column elementor-element elementor-element-izrohyc\" data-id=\"izrohyc\" data-element_type=\"column\" data-e-type=\"column\">\n\t\t\t<div class=\"elementor-widget-wrap elementor-element-populated\">\n\t\t\t\t\t\t<div class=\"elementor-element elementor-element-jnzwmmw elementor-widget elementor-widget-text-editor\" data-id=\"jnzwmmw\" data-element_type=\"widget\" data-e-type=\"widget\" data-widget_type=\"text-editor.default\">\n\t\t\t\t<div class=\"elementor-widget-container\">\n\t\t\t\t\t\t\t\t\t<p style=\"text-align: justify;\"><span style=\"color: #000000;\"> <span class=\"wixui-rich-text__text\"><em>C\u2019\u00e9tait avant tout me plonger dans cette \u00e9criture profonde et pleine de d\u00e9sirs contrari\u00e9s qui m\u2019a fascin\u00e9. D\u00e9couvrir une nouvelle langue pleine de po\u00e9sie qui pourrait sembler parfois abstraite, mais qui est en fait tr\u00e8s organique. Les personnages, qui se d\u00e9battent entre d\u00e9sirs fantasm\u00e9s et d\u00e9sirs forc\u00e9s sont engag\u00e9s dans une ronde troublante. Comme s\u2019ils courraient tous vers le pire dans une sorte d\u2019urgence, sans pourtant le vouloir.<\/em><\/span><\/span><\/p><p style=\"text-align: justify;\"><span style=\"color: #000000;\"><span class=\"wixui-rich-text__text\"><strong>Philippe Calvario<\/strong><em><br \/><\/em> <\/span><\/span><\/p><h1 style=\"text-align: center;\"><span style=\"color: #000000;\"><strong><span style=\"color: #800000;\">CAPTATION SUR DEMANDE<\/span>\u00a0<\/strong><\/span><\/h1>\t\t\t\t\t\t\t\t<\/div>\n\t\t\t\t<\/div>\n\t\t\t\t\t<\/div>\n\t\t<\/div>\n\t\t\t\t\t<\/div>\n\t\t<\/section>\n\t\t\t\t<section class=\"elementor-section elementor-top-section elementor-element elementor-element-f222629 elementor-section-boxed elementor-section-height-default elementor-section-height-default\" data-id=\"f222629\" data-element_type=\"section\" data-e-type=\"section\">\n\t\t\t\t\t\t<div class=\"elementor-container elementor-column-gap-default\">\n\t\t\t\t\t<div class=\"elementor-column elementor-col-100 elementor-top-column elementor-element elementor-element-ab66d32\" data-id=\"ab66d32\" data-element_type=\"column\" data-e-type=\"column\">\n\t\t\t<div class=\"elementor-widget-wrap elementor-element-populated\">\n\t\t\t\t\t\t<div class=\"elementor-element elementor-element-0ff3a0e elementor-align-center elementor-widget elementor-widget-button\" data-id=\"0ff3a0e\" data-element_type=\"widget\" data-e-type=\"widget\" data-widget_type=\"button.default\">\n\t\t\t\t<div class=\"elementor-widget-container\">\n\t\t\t\t\t\t\t\t\t<div class=\"elementor-button-wrapper\">\n\t\t\t\t\t<a class=\"elementor-button elementor-button-link elementor-size-sm\" href=\"https:\/\/vimeo.com\/1101114754?share=copy\" target=\"_blank\">\n\t\t\t\t\t\t<span class=\"elementor-button-content-wrapper\">\n\t\t\t\t\t\t\t\t\t<span class=\"elementor-button-text\">Lien bande-annonce<\/span>\n\t\t\t\t\t<\/span>\n\t\t\t\t\t<\/a>\n\t\t\t\t<\/div>\n\t\t\t\t\t\t\t\t<\/div>\n\t\t\t\t<\/div>\n\t\t\t\t<div class=\"elementor-element elementor-element-d1103c7 elementor-widget elementor-widget-text-editor\" data-id=\"d1103c7\" data-element_type=\"widget\" data-e-type=\"widget\" data-widget_type=\"text-editor.default\">\n\t\t\t\t<div class=\"elementor-widget-container\">\n\t\t\t\t\t\t\t\t\t<p><em>Une cruelle ronde du d\u00e9sir interpr\u00e9t\u00e9e avec talent et finesse, un drame napolitain autour d\u2019une jeunesse qui ne trouve pas sa place dans le monde<\/em> &#8211; <strong>La Terrasse<\/strong><\/p><p><br \/><em>Sublime visuellement, pleine de fougue et de jeunesse, travers\u00e9e d\u2019exaltation et de d\u00e9sirs, sensuelle, la partition romantique de Musset vue par Calvario s\u2019offre ici un souffle puissant<\/em> &#8211; <strong>Le Parisien<\/strong><\/p><p><em>C\u2019est dans le choix des interpr\u00e8tes que l\u2019\u00e9cho avec la jeunesse en qu\u00eate de rep\u00e8res se fait. Zo\u00e9 Adjani est troublante. Fougueuse et sensible, elle donne au personnage de Marianne une belle densit\u00e9, loin de la jeune fille aga\u00e7ante qui lui colle \u00e0 la peau. Connu pour son personnage de Greg Delobel dans Ici tout commence, Mika\u00ebl Mittelstafdt incarne un Coelio t\u00e9n\u00e9breux et sentimental \u00e0 souhait<\/em> &#8211; <strong>L\u2019OEil d\u2019Olivier<\/strong><\/p><p><br \/><em>Enchainement fatal et quasi racinien d\u2019\u00e9checs sentimentaux dans un texte \u00e0 l\u2019insolence noire, \u00e0 l\u2019\u00e9criture \u00e9lectrique. Trop peu jou\u00e9 aujourd\u2019hui. Philippe Calvario l\u2019a au moins efficacement mont\u00e9 dans un d\u00e9cor aussi mobile que ses inconstants personnages. Il incarne lui m\u00eame un Octave vieillissant \u00e0 la fougue d\u00e9senchant\u00e9e. Et en costumes d\u2019\u00e9poque, Zo\u00e9 Adjani est une Marianne touchante, qui revendique hardiment d\u2019aimer qui elle veut<\/em>. &#8211; <strong>T\u00e9l\u00e9rama<\/strong><\/p>\t\t\t\t\t\t\t\t<\/div>\n\t\t\t\t<\/div>\n\t\t\t\t\t<\/div>\n\t\t<\/div>\n\t\t\t\t\t<\/div>\n\t\t<\/section>\n\t\t\t\t<section class=\"elementor-section elementor-top-section elementor-element elementor-element-95647a1 elementor-section-boxed elementor-section-height-default elementor-section-height-default\" data-id=\"95647a1\" data-element_type=\"section\" data-e-type=\"section\">\n\t\t\t\t\t\t<div class=\"elementor-container elementor-column-gap-default\">\n\t\t\t\t\t<div class=\"elementor-column elementor-col-100 elementor-top-column elementor-element elementor-element-7effb28\" data-id=\"7effb28\" data-element_type=\"column\" data-e-type=\"column\">\n\t\t\t<div class=\"elementor-widget-wrap elementor-element-populated\">\n\t\t\t\t\t\t<div class=\"elementor-element elementor-element-8fa12a5 elementor-align-center elementor-widget elementor-widget-button\" data-id=\"8fa12a5\" data-element_type=\"widget\" data-e-type=\"widget\" data-widget_type=\"button.default\">\n\t\t\t\t<div class=\"elementor-widget-container\">\n\t\t\t\t\t\t\t\t\t<div class=\"elementor-button-wrapper\">\n\t\t\t\t\t<a class=\"elementor-button elementor-button-link elementor-size-sm\" href=\"https:\/\/drive.google.com\/file\/d\/19cZVuIgRy0EJ3zgTnNIwT5SM1GLi3Pxa\/view?usp=sharing\" target=\"_blank\">\n\t\t\t\t\t\t<span class=\"elementor-button-content-wrapper\">\n\t\t\t\t\t\t\t\t\t<span class=\"elementor-button-text\">Revue de presse<\/span>\n\t\t\t\t\t<\/span>\n\t\t\t\t\t<\/a>\n\t\t\t\t<\/div>\n\t\t\t\t\t\t\t\t<\/div>\n\t\t\t\t<\/div>\n\t\t\t\t\t<\/div>\n\t\t<\/div>\n\t\t\t\t\t<\/div>\n\t\t<\/section>\n\t\t\t\t<section class=\"elementor-section elementor-top-section elementor-element elementor-element-a2c4c2f elementor-section-boxed elementor-section-height-default elementor-section-height-default\" data-id=\"a2c4c2f\" data-element_type=\"section\" data-e-type=\"section\">\n\t\t\t\t\t\t<div class=\"elementor-container elementor-column-gap-default\">\n\t\t\t\t\t<div class=\"elementor-column elementor-col-100 elementor-top-column elementor-element elementor-element-e16ad6b\" data-id=\"e16ad6b\" data-element_type=\"column\" data-e-type=\"column\">\n\t\t\t<div class=\"elementor-widget-wrap elementor-element-populated\">\n\t\t\t\t\t\t<div class=\"elementor-element elementor-element-05499fd elementor-align-center elementor-widget elementor-widget-button\" data-id=\"05499fd\" data-element_type=\"widget\" data-e-type=\"widget\" data-widget_type=\"button.default\">\n\t\t\t\t<div class=\"elementor-widget-container\">\n\t\t\t\t\t\t\t\t\t<div class=\"elementor-button-wrapper\">\n\t\t\t\t\t<a class=\"elementor-button elementor-button-link elementor-size-sm\" href=\"https:\/\/drive.google.com\/file\/d\/1Q6YzJe5P6Prc52H1unnZvLzeQDLYkjcy\/view?usp=sharing\" target=\"_blank\">\n\t\t\t\t\t\t<span class=\"elementor-button-content-wrapper\">\n\t\t\t\t\t\t\t\t\t<span class=\"elementor-button-text\">Lien dossier<\/span>\n\t\t\t\t\t<\/span>\n\t\t\t\t\t<\/a>\n\t\t\t\t<\/div>\n\t\t\t\t\t\t\t\t<\/div>\n\t\t\t\t<\/div>\n\t\t\t\t\t<\/div>\n\t\t<\/div>\n\t\t\t\t\t<\/div>\n\t\t<\/section>\n\t\t\t\t<\/div>\n\t\t","protected":false},"excerpt":{"rendered":"<p>DE : ALFRED DE MUSSETADAPTATION ET MISE EN SC\u00c8NE : PHILIPPE CALVARIOAVEC : ZO\u00c9 ADJANI, PHILIPPE CALVARIO, MIKA\u00cbL MITTELSTADT EN ALTERNANCE AVEC PIERRE HUREL, HAMEZA EL OMARI, DELPHINE RICH ET CHRISTOF VEILLON . COLLABORATION ARTISTIQUE : SOPHIE TELLIER &#8211; SC\u00c9NOGRAPHIE &hellip; <a href=\"https:\/\/www.happeningcreation.com\/?page_id=1152\">Continuer la lecture <span class=\"meta-nav\">&rarr;<\/span><\/a><\/p>\n","protected":false},"author":1,"featured_media":0,"parent":0,"menu_order":0,"comment_status":"closed","ping_status":"open","template":"","meta":{"om_disable_all_campaigns":false,"_exactmetrics_skip_tracking":false,"_exactmetrics_sitenote_active":false,"_exactmetrics_sitenote_note":"","_exactmetrics_sitenote_category":0,"_monsterinsights_skip_tracking":false,"_monsterinsights_sitenote_active":false,"_monsterinsights_sitenote_note":"","_monsterinsights_sitenote_category":0,"footnotes":""},"class_list":["post-1152","page","type-page","status-publish","hentry"],"aioseo_notices":[],"_links":{"self":[{"href":"https:\/\/www.happeningcreation.com\/index.php?rest_route=\/wp\/v2\/pages\/1152","targetHints":{"allow":["GET"]}}],"collection":[{"href":"https:\/\/www.happeningcreation.com\/index.php?rest_route=\/wp\/v2\/pages"}],"about":[{"href":"https:\/\/www.happeningcreation.com\/index.php?rest_route=\/wp\/v2\/types\/page"}],"author":[{"embeddable":true,"href":"https:\/\/www.happeningcreation.com\/index.php?rest_route=\/wp\/v2\/users\/1"}],"replies":[{"embeddable":true,"href":"https:\/\/www.happeningcreation.com\/index.php?rest_route=%2Fwp%2Fv2%2Fcomments&post=1152"}],"version-history":[{"count":94,"href":"https:\/\/www.happeningcreation.com\/index.php?rest_route=\/wp\/v2\/pages\/1152\/revisions"}],"predecessor-version":[{"id":4944,"href":"https:\/\/www.happeningcreation.com\/index.php?rest_route=\/wp\/v2\/pages\/1152\/revisions\/4944"}],"wp:attachment":[{"href":"https:\/\/www.happeningcreation.com\/index.php?rest_route=%2Fwp%2Fv2%2Fmedia&parent=1152"}],"curies":[{"name":"wp","href":"https:\/\/api.w.org\/{rel}","templated":true}]}}