{"id":2464,"date":"2019-10-07T02:14:53","date_gmt":"2019-10-07T12:44:53","guid":{"rendered":"https:\/\/www.happeningcreation.com\/?page_id=2464"},"modified":"2022-10-19T23:03:35","modified_gmt":"2022-10-20T09:33:35","slug":"elementor-2464","status":"publish","type":"page","link":"https:\/\/www.happeningcreation.com\/?page_id=2464","title":{"rendered":""},"content":{"rendered":"\t\t<div data-elementor-type=\"wp-post\" data-elementor-id=\"2464\" class=\"elementor elementor-2464\" data-elementor-post-type=\"page\">\n\t\t\t\t\t\t<section class=\"elementor-section elementor-top-section elementor-element elementor-element-82fdf62 elementor-section-boxed elementor-section-height-default elementor-section-height-default\" data-id=\"82fdf62\" data-element_type=\"section\" data-e-type=\"section\">\n\t\t\t\t\t\t<div class=\"elementor-container elementor-column-gap-default\">\n\t\t\t\t\t<div class=\"elementor-column elementor-col-50 elementor-top-column elementor-element elementor-element-5edb04a\" data-id=\"5edb04a\" data-element_type=\"column\" data-e-type=\"column\">\n\t\t\t<div class=\"elementor-widget-wrap elementor-element-populated\">\n\t\t\t\t\t\t<div class=\"elementor-element elementor-element-3ee74ff elementor-widget elementor-widget-image\" data-id=\"3ee74ff\" data-element_type=\"widget\" data-e-type=\"widget\" data-widget_type=\"image.default\">\n\t\t\t\t<div class=\"elementor-widget-container\">\n\t\t\t\t\t\t\t\t\t\t\t\t\t\t\t<img fetchpriority=\"high\" decoding=\"async\" width=\"584\" height=\"882\" src=\"https:\/\/www.happeningcreation.com\/wp-content\/uploads\/affiche-Siberie-bd-678x1024.jpg\" class=\"attachment-large size-large wp-image-3841\" alt=\"\" srcset=\"https:\/\/www.happeningcreation.com\/wp-content\/uploads\/affiche-Siberie-bd-678x1024.jpg 678w, https:\/\/www.happeningcreation.com\/wp-content\/uploads\/affiche-Siberie-bd-199x300.jpg 199w, https:\/\/www.happeningcreation.com\/wp-content\/uploads\/affiche-Siberie-bd-768x1160.jpg 768w, https:\/\/www.happeningcreation.com\/wp-content\/uploads\/affiche-Siberie-bd.jpg 800w\" sizes=\"(max-width: 584px) 100vw, 584px\" \/>\t\t\t\t\t\t\t\t\t\t\t\t\t\t\t<\/div>\n\t\t\t\t<\/div>\n\t\t\t\t\t<\/div>\n\t\t<\/div>\n\t\t\t\t<div class=\"elementor-column elementor-col-50 elementor-top-column elementor-element elementor-element-3db0a45\" data-id=\"3db0a45\" data-element_type=\"column\" data-e-type=\"column\">\n\t\t\t<div class=\"elementor-widget-wrap elementor-element-populated\">\n\t\t\t\t\t\t<div class=\"elementor-element elementor-element-2c94349 elementor-widget elementor-widget-text-editor\" data-id=\"2c94349\" data-element_type=\"widget\" data-e-type=\"widget\" data-widget_type=\"text-editor.default\">\n\t\t\t\t<div class=\"elementor-widget-container\">\n\t\t\t\t\t\t\t\t\t<h2><span style=\"color: #000000;\">DANS LES FORETS DE SIBERIE<\/span><\/h2><p style=\"text-align: center;\"><a href=\"http:\/\/www.theatredepoche-montparnasse.com\/project\/dans-les-forets-de-siberie-4\/\"><span style=\"text-decoration: underline;\"><strong><span style=\"color: #000000; text-decoration: underline;\">Les lundis au th\u00e9\u00e2tre de Poche-Montparnasse<\/span><\/strong><\/span><span style=\"color: #000000;\">.<\/span><\/a><\/p><p style=\"text-align: left;\"><span style=\"color: #000000;\">d&rsquo;apr\u00e8s l\u2019\u0153uvre de <strong>Sylvain Tesson<\/strong>.\u00a0<\/span><\/p><p style=\"text-align: left;\"><span style=\"color: #000000;\">avec<strong>\u00a0William Mesguich.<\/strong><\/span><\/p><p><span style=\"color: #000000;\">Collaboration artistique : Estelle Andrea<\/span><\/p><p><span style=\"color: #000000;\">Adaptation : Charlotte Escamez<\/span><\/p><p><span style=\"color: #000000;\">Cr\u00e9d<\/span><span style=\"color: #000000;\">it photo : Chantal Depagne<\/span><\/p><p><span style=\"color: #000000;\">\u00a0<\/span><span style=\"color: #000000;\">Coproduction : Cie Th\u00e9\u00e2tre de l&rsquo;Etreinte, Th\u00e9\u00e2tre de Poche-Montparnasse, Canal 33, Sc\u00e8ne <span style=\"color: #ff6600;\">&amp;<\/span> Cies.<br \/><\/span><\/p><p><span style=\"color: #000000;\">Dur\u00e9e : 1h10<\/span><\/p><p>En tourn\u00e9e saison 2023-2024.<\/p><p style=\"text-align: center;\"><span style=\"color: #000000;\">\u00a0<\/span><\/p>\t\t\t\t\t\t\t\t<\/div>\n\t\t\t\t<\/div>\n\t\t\t\t\t<\/div>\n\t\t<\/div>\n\t\t\t\t\t<\/div>\n\t\t<\/section>\n\t\t\t\t<section class=\"elementor-section elementor-top-section elementor-element elementor-element-3db977c elementor-section-boxed elementor-section-height-default elementor-section-height-default\" data-id=\"3db977c\" data-element_type=\"section\" data-e-type=\"section\">\n\t\t\t\t\t\t<div class=\"elementor-container elementor-column-gap-default\">\n\t\t\t\t\t<div class=\"elementor-column elementor-col-100 elementor-top-column elementor-element elementor-element-718a1a2\" data-id=\"718a1a2\" data-element_type=\"column\" data-e-type=\"column\">\n\t\t\t<div class=\"elementor-widget-wrap elementor-element-populated\">\n\t\t\t\t\t\t<div class=\"elementor-element elementor-element-ba141f8 elementor-widget elementor-widget-text-editor\" data-id=\"ba141f8\" data-element_type=\"widget\" data-e-type=\"widget\" data-widget_type=\"text-editor.default\">\n\t\t\t\t<div class=\"elementor-widget-container\">\n\t\t\t\t\t\t\t\t\t<p><span style=\"color: #000000;\">William Mesguich nous fait revivre sur sc\u00e8ne l\u2019exp\u00e9rience exceptionnelle de l\u2019\u00e9crivain-aventurier Sylvain Tesson. Parti loin de la cit\u00e9 et de la foule, il fait le choix de s\u2019isoler au milieu des for\u00eats de Sib\u00e9rie, l\u00e0 o\u00f9 ses seules occupations sont de p\u00eacher pour se nourrir, de couper du bois pour se chauffer. Il r\u00e9apprend le bonheur de la lecture et de la r\u00e9flexion solitaires. Avec po\u00e9sie et humour parfois, il nous entraine dans sa cabane :\u00a0 \u00a0\u00bb Et si la libert\u00e9 consistait \u00e0 poss\u00e9der le temps ? Et si la richesse revenait \u00e0 disposer de solitude, d\u2019espace et de silence, toutes choses dont manqueront les g\u00e9n\u00e9rations futures ?<\/span><em><span style=\"color: #000000;\"> \u00ab\u00a0<\/span><br \/><\/em><\/p><p><em>\u00a0<\/em><\/p><p><span style=\"color: #000000;\"><em>L\u2019immensit\u00e9 comme horizon. Le silence comme partenaire fid\u00e8le et d\u2019une puissance incomparable. Les mots de la langue fran\u00e7aise qui chuchotent le merveilleux pour \u00e9chapper \u00e0 la vulgarit\u00e9 et au bruit qui abime. \u00ab Dans les for\u00eats de Siberie \u00bb est un hymne \u00e0 l\u2019ailleurs, \u00e0 la po\u00e9sie, \u00e0 la beaut\u00e9. C\u2019est un secret \u00e9blouissant qui touche le c\u0153ur meurtri par le confort. C\u2019est une trou\u00e9e, une \u00e9chapp\u00e9e qui m\u00e8ne \u00e0 la diff\u00e9rence et nous fait appr\u00e9hender le monde avec un regard neuf, terre d\u2019accueil de tous les possibles. C\u2019est aussi l\u2019abandon n\u00e9cessaire de nos rep\u00e8res habituels pour nous perdre dans l\u2019infini d\u2019un espace-temps inou\u00ef. Une borne qui nous fait nous (re) conna\u00eetre dans la vastitude du monde. Prendre le temps, laisser l\u2019ennui nous envahir, murmurer \u00e0 l\u2019oreille de notre terreur du ici et maintenant, se parler \u00e0 soi-m\u00eame et laisser filtrer le r\u00eave ou le doute, \u00eatre contamin\u00e9 par les petits riens qui peuplent notre inconscient. Ou bien ourler notre peur de l\u2019\u00e0 venir en p\u00e9n\u00e9trant l\u2019intimit\u00e9 majestueuse de la reine-humanit\u00e9. Je m\u2019attacherai \u00e0 partager avec le plus grand nombre l\u2019amour des m\u00e9taphores et de l\u2019incandescence de la langue de Sylvain Tesson. Je ferai scintiller les m\u00e9andres d\u2019une pens\u00e9e simple, pleine. Directe. Magnifique. D\u00e9voiler le monde dans le vent et la neige. Cheminer dans l\u2019imaginaire et c\u00f4toyer un ours ou humer les effluves des liqueurs les plus rares. Dans les for\u00eats de Sib\u00e9rie est un texte lumineux, n\u00e9cessaire qui nous constitue autant qu\u2019il raconte l\u2019alt\u00e9rit\u00e9.<\/em><\/span><\/p><p><span style=\"color: #000000;\">William Mesguich.<\/span><\/p>\t\t\t\t\t\t\t\t<\/div>\n\t\t\t\t<\/div>\n\t\t\t\t\t<\/div>\n\t\t<\/div>\n\t\t\t\t\t<\/div>\n\t\t<\/section>\n\t\t\t\t<section class=\"elementor-section elementor-top-section elementor-element elementor-element-3c70b8d elementor-section-boxed elementor-section-height-default elementor-section-height-default\" data-id=\"3c70b8d\" data-element_type=\"section\" data-e-type=\"section\">\n\t\t\t\t\t\t<div class=\"elementor-container elementor-column-gap-default\">\n\t\t\t\t\t<div class=\"elementor-column elementor-col-100 elementor-top-column elementor-element elementor-element-d77a3ec\" data-id=\"d77a3ec\" data-element_type=\"column\" data-e-type=\"column\">\n\t\t\t<div class=\"elementor-widget-wrap elementor-element-populated\">\n\t\t\t\t\t\t<div class=\"elementor-element elementor-element-055b747 elementor-widget elementor-widget-image\" data-id=\"055b747\" data-element_type=\"widget\" data-e-type=\"widget\" data-widget_type=\"image.default\">\n\t\t\t\t<div class=\"elementor-widget-container\">\n\t\t\t\t\t\t\t\t\t\t\t\t\t\t\t\t<a href=\"https:\/\/www.youtube.com\/watch?v=cnFmRiEd2Zs&#038;t=16s\" target=\"_blank\">\n\t\t\t\t\t\t\t<img decoding=\"async\" width=\"584\" height=\"369\" src=\"https:\/\/www.happeningcreation.com\/wp-content\/uploads\/IMG-1591-BD-\u00a9Chantal-Depagne.jpg\" class=\"attachment-large size-large wp-image-2499\" alt=\"\" srcset=\"https:\/\/www.happeningcreation.com\/wp-content\/uploads\/IMG-1591-BD-\u00a9Chantal-Depagne.jpg 800w, https:\/\/www.happeningcreation.com\/wp-content\/uploads\/IMG-1591-BD-\u00a9Chantal-Depagne-300x190.jpg 300w, https:\/\/www.happeningcreation.com\/wp-content\/uploads\/IMG-1591-BD-\u00a9Chantal-Depagne-768x486.jpg 768w, https:\/\/www.happeningcreation.com\/wp-content\/uploads\/IMG-1591-BD-\u00a9Chantal-Depagne-474x300.jpg 474w\" sizes=\"(max-width: 584px) 100vw, 584px\" \/>\t\t\t\t\t\t\t\t<\/a>\n\t\t\t\t\t\t\t\t\t\t\t\t\t\t\t<\/div>\n\t\t\t\t<\/div>\n\t\t\t\t<div class=\"elementor-element elementor-element-0ac93b1 elementor-widget elementor-widget-text-editor\" data-id=\"0ac93b1\" data-element_type=\"widget\" data-e-type=\"widget\" data-widget_type=\"text-editor.default\">\n\t\t\t\t<div class=\"elementor-widget-container\">\n\t\t\t\t\t\t\t\t\t<p><span style=\"color: #000000;\">Extraits presse :<\/span><\/p><p><span style=\"color: #000000;\"><strong>REG&rsquo;ARTS<\/strong> : \u00a0\u00bb <em>Seul en sc\u00e8ne, William Mesguich, magistral, est habit\u00e9 d&rsquo;\u00e9motion, enivr\u00e9 par la force des mots, \u00e0 fleur de peau et de sensations. Dans sa voix on sent le froid et la v\u00e9rit\u00e9, dans ses yeux fi\u00e9vreux on voit la splendeur de ces lointaines \u00e9tendues blanches, dans ses tremblements transpire la curiosit\u00e9 de la d\u00e9couverte, dans ses geste s&rsquo;exprime l&rsquo;effervescence de ce qui est r\u00e9ellement important<\/em>. \u00ab\u00a0<\/span><\/p><p><span style=\"color: #000000;\"><strong>LE FIGARO<\/strong><\/span><em><span style=\"color: #000000;\"> : <\/span><\/em><span style=\"color: #000000;\">\u00a0\u00bb <\/span><em><span style=\"color: #000000;\">C\u2019est un homme meilleur qui reviendra parmi nous, se disent les spectateurs tenus en haleine par une formidable interpr\u00e9tation qui op\u00e8re la m\u00e9tamorphose du texte en spectacle vivant. Il fallait incarner vraiment et adapter son timbre et son rythme pour que le cerveau des spectateurs participe \u00e0 l\u2019aventure du solitaire amateur : pari enti\u00e8rement tenu. Non seulement on ne s\u2019ennuie pas, mais on est transport\u00e9 par le d\u00e9lire extralucide qui enflamme souvent le texte, o\u00f9 se d\u00e9ploient des moments de pure joie po\u00e9tique. <\/span><\/em><span style=\"color: #000000;\">\u00ab\u00a0<\/span><\/p><p><span style=\"color: #000000;\"><a href=\"https:\/\/www.happeningcreation.com\/wp-content\/uploads\/DP-DANS-LES-FORETS-DE-SIBERIE-1.pdf\">DP DANS LES FORETS DE SIBERIE<\/a> :<\/span><\/p><p><span style=\"color: #000000;\">ARTICLES<\/span><\/p><p><span style=\"color: #000000;\"> <a href=\"https:\/\/www.happeningcreation.com\/wp-content\/uploads\/figaro.fr-pdf.pdf\">figaro.fr pdf<\/a><\/span><\/p><p><a href=\"https:\/\/www.happeningcreation.com\/wp-content\/uploads\/Regarts-pdf.pdf\">Reg&rsquo;arts pdf<\/a><\/p><p><a href=\"https:\/\/www.happeningcreation.com\/wp-content\/uploads\/Blogdephaco-pdf.pdf\">Blogdephaco pdf<\/a><\/p><p><a href=\"https:\/\/www.happeningcreation.com\/wp-content\/uploads\/artistik-rezo-pdf.pdf\">artistik rezo pdf<\/a><\/p><p><a href=\"https:\/\/www.happeningcreation.com\/wp-content\/uploads\/T\u00e9l\u00e9rama.fr-pdf.pdf\">T\u00e9l\u00e9rama.fr pdf<\/a><\/p>\t\t\t\t\t\t\t\t<\/div>\n\t\t\t\t<\/div>\n\t\t\t\t\t<\/div>\n\t\t<\/div>\n\t\t\t\t\t<\/div>\n\t\t<\/section>\n\t\t\t\t<\/div>\n\t\t","protected":false},"excerpt":{"rendered":"<p>DANS LES FORETS DE SIBERIE Les lundis au th\u00e9\u00e2tre de Poche-Montparnasse. d&rsquo;apr\u00e8s l\u2019\u0153uvre de Sylvain Tesson.\u00a0 avec\u00a0William Mesguich. Collaboration artistique : Estelle Andrea Adaptation : Charlotte Escamez Cr\u00e9dit photo : Chantal Depagne \u00a0Coproduction : Cie Th\u00e9\u00e2tre de l&rsquo;Etreinte, Th\u00e9\u00e2tre de &hellip; <a href=\"https:\/\/www.happeningcreation.com\/?page_id=2464\">Continuer la lecture <span class=\"meta-nav\">&rarr;<\/span><\/a><\/p>\n","protected":false},"author":1,"featured_media":0,"parent":0,"menu_order":0,"comment_status":"closed","ping_status":"closed","template":"","meta":{"om_disable_all_campaigns":false,"_exactmetrics_skip_tracking":false,"_exactmetrics_sitenote_active":false,"_exactmetrics_sitenote_note":"","_exactmetrics_sitenote_category":0,"_monsterinsights_skip_tracking":false,"_monsterinsights_sitenote_active":false,"_monsterinsights_sitenote_note":"","_monsterinsights_sitenote_category":0,"footnotes":""},"class_list":["post-2464","page","type-page","status-publish","hentry"],"aioseo_notices":[],"_links":{"self":[{"href":"https:\/\/www.happeningcreation.com\/index.php?rest_route=\/wp\/v2\/pages\/2464","targetHints":{"allow":["GET"]}}],"collection":[{"href":"https:\/\/www.happeningcreation.com\/index.php?rest_route=\/wp\/v2\/pages"}],"about":[{"href":"https:\/\/www.happeningcreation.com\/index.php?rest_route=\/wp\/v2\/types\/page"}],"author":[{"embeddable":true,"href":"https:\/\/www.happeningcreation.com\/index.php?rest_route=\/wp\/v2\/users\/1"}],"replies":[{"embeddable":true,"href":"https:\/\/www.happeningcreation.com\/index.php?rest_route=%2Fwp%2Fv2%2Fcomments&post=2464"}],"version-history":[{"count":39,"href":"https:\/\/www.happeningcreation.com\/index.php?rest_route=\/wp\/v2\/pages\/2464\/revisions"}],"predecessor-version":[{"id":3842,"href":"https:\/\/www.happeningcreation.com\/index.php?rest_route=\/wp\/v2\/pages\/2464\/revisions\/3842"}],"wp:attachment":[{"href":"https:\/\/www.happeningcreation.com\/index.php?rest_route=%2Fwp%2Fv2%2Fmedia&parent=2464"}],"curies":[{"name":"wp","href":"https:\/\/api.w.org\/{rel}","templated":true}]}}