{"id":2491,"date":"2019-10-19T03:33:05","date_gmt":"2019-10-19T14:03:05","guid":{"rendered":"https:\/\/www.happeningcreation.com\/?page_id=2491"},"modified":"2024-03-07T04:26:21","modified_gmt":"2024-03-07T14:56:21","slug":"elementor-2491","status":"publish","type":"page","link":"https:\/\/www.happeningcreation.com\/?page_id=2491","title":{"rendered":""},"content":{"rendered":"\t\t<div data-elementor-type=\"wp-post\" data-elementor-id=\"2491\" class=\"elementor elementor-2491\" data-elementor-post-type=\"page\">\n\t\t\t\t\t\t<section class=\"elementor-section elementor-top-section elementor-element elementor-element-601d513 elementor-section-boxed elementor-section-height-default elementor-section-height-default\" data-id=\"601d513\" data-element_type=\"section\" data-e-type=\"section\">\n\t\t\t\t\t\t<div class=\"elementor-container elementor-column-gap-default\">\n\t\t\t\t\t<div class=\"elementor-column elementor-col-100 elementor-top-column elementor-element elementor-element-068b30a\" data-id=\"068b30a\" data-element_type=\"column\" data-e-type=\"column\">\n\t\t\t<div class=\"elementor-widget-wrap elementor-element-populated\">\n\t\t\t\t\t\t<section class=\"elementor-section elementor-inner-section elementor-element elementor-element-472c56e elementor-section-boxed elementor-section-height-default elementor-section-height-default\" data-id=\"472c56e\" data-element_type=\"section\" data-e-type=\"section\">\n\t\t\t\t\t\t<div class=\"elementor-container elementor-column-gap-default\">\n\t\t\t\t\t<div class=\"elementor-column elementor-col-50 elementor-inner-column elementor-element elementor-element-ca4a359\" data-id=\"ca4a359\" data-element_type=\"column\" data-e-type=\"column\">\n\t\t\t<div class=\"elementor-widget-wrap elementor-element-populated\">\n\t\t\t\t\t\t<div class=\"elementor-element elementor-element-7f8a506 elementor-widget elementor-widget-image\" data-id=\"7f8a506\" data-element_type=\"widget\" data-e-type=\"widget\" data-widget_type=\"image.default\">\n\t\t\t\t<div class=\"elementor-widget-container\">\n\t\t\t\t\t\t\t\t\t\t\t\t\t\t\t<img fetchpriority=\"high\" decoding=\"async\" width=\"584\" height=\"824\" src=\"https:\/\/www.happeningcreation.com\/wp-content\/uploads\/Desconcerto-affiche-site.jpg\" class=\"attachment-large size-large wp-image-2493\" alt=\"\" srcset=\"https:\/\/www.happeningcreation.com\/wp-content\/uploads\/Desconcerto-affiche-site.jpg 700w, https:\/\/www.happeningcreation.com\/wp-content\/uploads\/Desconcerto-affiche-site-213x300.jpg 213w\" sizes=\"(max-width: 584px) 100vw, 584px\" \/>\t\t\t\t\t\t\t\t\t\t\t\t\t\t\t<\/div>\n\t\t\t\t<\/div>\n\t\t\t\t\t<\/div>\n\t\t<\/div>\n\t\t\t\t<div class=\"elementor-column elementor-col-50 elementor-inner-column elementor-element elementor-element-d803c61\" data-id=\"d803c61\" data-element_type=\"column\" data-e-type=\"column\">\n\t\t\t<div class=\"elementor-widget-wrap elementor-element-populated\">\n\t\t\t\t\t\t<div class=\"elementor-element elementor-element-053b0be elementor-widget elementor-widget-text-editor\" data-id=\"053b0be\" data-element_type=\"widget\" data-e-type=\"widget\" data-widget_type=\"text-editor.default\">\n\t\t\t\t<div class=\"elementor-widget-container\">\n\t\t\t\t\t\t\t\t\t<p><span style=\"color: #000000;\">Genre : Musique classique pour tous ! <\/span><\/p><p><span style=\"color: #000000;\">Production : Orquestra de cambra de l&rsquo;Empord\u00e0 et Jordi Purti<br \/><\/span><\/p><p><span style=\"color: #000000;\">Mise en sc\u00e8ne : Jordi Purti<\/span><\/p><p><span style=\"color: #000000;\">Les 12 musiciens de l&rsquo;Orquestra de Cambra l\u2019Empord\u00e0, tout droit venus de Catalogne, proposent un concert-spectacle humoristique qui m\u00eale virtuosit\u00e9 musicale, m\u00e9lodies intemporelles et\u00a0 com\u00e9die. Le tout men\u00e9 par le cr\u00e9ateur d&rsquo;<em>Hop!Era<\/em>\u00a0et d&rsquo;<em>Operetta<\/em>\u00a0: <strong>Jordi Purti<\/strong>.<\/span><\/p><p><strong><span style=\"color: #000000;\">En tourn\u00e9e saison 2024-2025. <\/span><\/strong><\/p>\t\t\t\t\t\t\t\t<\/div>\n\t\t\t\t<\/div>\n\t\t\t\t\t<\/div>\n\t\t<\/div>\n\t\t\t\t\t<\/div>\n\t\t<\/section>\n\t\t\t\t\t<\/div>\n\t\t<\/div>\n\t\t\t\t\t<\/div>\n\t\t<\/section>\n\t\t\t\t<section class=\"elementor-section elementor-top-section elementor-element elementor-element-83fb07d elementor-section-boxed elementor-section-height-default elementor-section-height-default\" data-id=\"83fb07d\" data-element_type=\"section\" data-e-type=\"section\">\n\t\t\t\t\t\t<div class=\"elementor-container elementor-column-gap-default\">\n\t\t\t\t\t<div class=\"elementor-column elementor-col-100 elementor-top-column elementor-element elementor-element-71cac14\" data-id=\"71cac14\" data-element_type=\"column\" data-e-type=\"column\">\n\t\t\t<div class=\"elementor-widget-wrap elementor-element-populated\">\n\t\t\t\t\t\t<div class=\"elementor-element elementor-element-36baaa7 elementor-widget elementor-widget-text-editor\" data-id=\"36baaa7\" data-element_type=\"widget\" data-e-type=\"widget\" data-widget_type=\"text-editor.default\">\n\t\t\t\t<div class=\"elementor-widget-container\">\n\t\t\t\t\t\t\t\t\t<p><strong><span style=\"color: #000000;\">Le spectacle<\/span><\/strong><\/p><p><span style=\"color: #000000;\">Le rideau s&rsquo;ouvre, les musiciens se rendent compte de l&rsquo;absence de leur chef\u00a0 et se prennent \u00e0 r\u00eaver de libert\u00e9 ; ils jouent, dansent et virevoltent, sur des partitions de <strong>Mozart<\/strong>, <strong>Vivaldi<\/strong>, <strong>Bizet<\/strong>, <strong>Rossini<\/strong>\u00a0ou encore <strong>Pachelbel<\/strong>. A l&rsquo;arriv\u00e9e du maestro, la lutte se poursuit entre versions classiques et moins conventionnelles&#8230;<\/span><br \/><span style=\"color: #000000;\">Le r\u00e9sultat est un spectacle universel, hilarant, brillant et sans jamais trahir la musique.<\/span><\/p>\t\t\t\t\t\t\t\t<\/div>\n\t\t\t\t<\/div>\n\t\t\t\t\t<\/div>\n\t\t<\/div>\n\t\t\t\t\t<\/div>\n\t\t<\/section>\n\t\t\t\t<section class=\"elementor-section elementor-top-section elementor-element elementor-element-a45d0ec elementor-section-boxed elementor-section-height-default elementor-section-height-default\" data-id=\"a45d0ec\" data-element_type=\"section\" data-e-type=\"section\">\n\t\t\t\t\t\t<div class=\"elementor-container elementor-column-gap-default\">\n\t\t\t\t\t<div class=\"elementor-column elementor-col-100 elementor-top-column elementor-element elementor-element-88cffe1\" data-id=\"88cffe1\" data-element_type=\"column\" data-e-type=\"column\">\n\t\t\t<div class=\"elementor-widget-wrap elementor-element-populated\">\n\t\t\t\t\t\t<div class=\"elementor-element elementor-element-f12a19b elementor-widget elementor-widget-image\" data-id=\"f12a19b\" data-element_type=\"widget\" data-e-type=\"widget\" data-widget_type=\"image.default\">\n\t\t\t\t<div class=\"elementor-widget-container\">\n\t\t\t\t\t\t\t\t\t\t\t\t\t\t\t\t<a href=\"https:\/\/www.youtube.com\/watch?v=zUC5XLraomA\" target=\"_blank\">\n\t\t\t\t\t\t\t<img decoding=\"async\" width=\"584\" height=\"332\" src=\"https:\/\/www.happeningcreation.com\/wp-content\/uploads\/Capture-1024x582.jpg\" class=\"attachment-large size-large wp-image-3165\" alt=\"\" srcset=\"https:\/\/www.happeningcreation.com\/wp-content\/uploads\/Capture-1024x582.jpg 1024w, https:\/\/www.happeningcreation.com\/wp-content\/uploads\/Capture-300x170.jpg 300w, https:\/\/www.happeningcreation.com\/wp-content\/uploads\/Capture-768x436.jpg 768w, https:\/\/www.happeningcreation.com\/wp-content\/uploads\/Capture-1536x873.jpg 1536w, https:\/\/www.happeningcreation.com\/wp-content\/uploads\/Capture-500x284.jpg 500w, https:\/\/www.happeningcreation.com\/wp-content\/uploads\/Capture.jpg 1918w\" sizes=\"(max-width: 584px) 100vw, 584px\" \/>\t\t\t\t\t\t\t\t<\/a>\n\t\t\t\t\t\t\t\t\t\t\t\t\t\t\t<\/div>\n\t\t\t\t<\/div>\n\t\t\t\t<div class=\"elementor-element elementor-element-c66f507 elementor-widget elementor-widget-text-editor\" data-id=\"c66f507\" data-element_type=\"widget\" data-e-type=\"widget\" data-widget_type=\"text-editor.default\">\n\t\t\t\t<div class=\"elementor-widget-container\">\n\t\t\t\t\t\t\t\t\t<p><span style=\"color: #000000;\">Auteur et metteur en sc\u00e8ne : Jordi Purt\u00ed<\/span><\/p><p><span style=\"color: #000000;\">Chef d\u2019orchestre : Jordi Purt\u00ed<\/span><\/p><p><span style=\"color: #000000;\">\u00a0Violon solo : Naeon Kim &#8211; <\/span><span style=\"color: #000000;\">1er violon : Nacho Lezcano, Natalia Klymyshyn, Cec\u00edlia Burguera &#8211; <\/span><span style=\"color: #000000;\">Chef de pupitre 2\u00e8mes violons : David Sanmart\u00ed &#8211; <\/span><span style=\"color: #000000;\">2\u00e8me violon : Tamara Ca\u00f1o, Sergi Ru\u00edz &#8211; <\/span><span style=\"color: #000000;\">Chef de pupitre violoncelles : Queralt Garcia &#8211; <\/span><span style=\"color: #000000;\">Violoncelle : Carles Coll Bard\u00e9s &#8211; <\/span><span style=\"color: #000000;\">Chef de pupitre altos : M\u00f3nica Cruzata &#8211; <\/span><span style=\"color: #000000;\">Alto : Tigran Yeritsyan &#8211; <\/span><span style=\"color: #000000;\">Contrebasse : Dmitry Yaroslavtsev<\/span><\/p><p><span style=\"color: #000000;\">Arrangements musicaux : Carles Coll Costa, Santi Escura, Naeon Kim, David Sanmart\u00ed<\/span><\/p><p><span style=\"color: #000000;\">Quelques titres du r\u00e9pertoire:<\/span><\/p><p><span style=\"color: #000000;\"><em>Symphonie n\u00ba 40<\/em>, Wolfgang Amadeus Mozart &#8211; <em>La M\u00e9ditation<\/em>, op\u00e8ra <em>Tha\u00efs<\/em> de Jules Massenet- <em>Les Quatre Saisons<\/em> d\u2019Antonio Vivaldi &#8211; <em>Peer Gynt<\/em> d\u2019 Edvard Grieg &#8211; <em>Guillaume Tell<\/em>, Gioachino Rossini &#8211; <em>La Danse du sabre<\/em> d\u2019 Aram Khatchatourian &#8211; <em>Ouverture<\/em> extrait de <em>La Cavalerie l\u00e9g\u00e8re<\/em> de Franz von Supp\u00e9 &#8211; <em>Sous le tonnerre et les \u00e9clairs<\/em>, <em>Voix du printemps<\/em> et <em>Tritsch-Tratsch-Polka<\/em> de Johann Strauss II &#8211; <em>Canon<\/em> de Johann Pachelbel &#8211; <em>La Gazza Ladra<\/em>, ouverture, Gioachino Rossini &#8211;<em> La<\/em> <em>Habanera<\/em>, extrait de <em>Carmen<\/em>, Georges Bizet &#8211; <em>Rondo alla Turca<\/em>, Wolfgang Amadeus Mozart<\/span><\/p>\t\t\t\t\t\t\t\t<\/div>\n\t\t\t\t<\/div>\n\t\t\t\t\t<\/div>\n\t\t<\/div>\n\t\t\t\t\t<\/div>\n\t\t<\/section>\n\t\t\t\t<section class=\"elementor-section elementor-top-section elementor-element elementor-element-109b474 elementor-section-boxed elementor-section-height-default elementor-section-height-default\" data-id=\"109b474\" data-element_type=\"section\" data-e-type=\"section\">\n\t\t\t\t\t\t<div class=\"elementor-container elementor-column-gap-default\">\n\t\t\t\t\t<div class=\"elementor-column elementor-col-50 elementor-top-column elementor-element elementor-element-9fbea0f\" data-id=\"9fbea0f\" data-element_type=\"column\" data-e-type=\"column\">\n\t\t\t<div class=\"elementor-widget-wrap elementor-element-populated\">\n\t\t\t\t\t\t<div class=\"elementor-element elementor-element-3df40fd elementor-widget elementor-widget-image\" data-id=\"3df40fd\" data-element_type=\"widget\" data-e-type=\"widget\" data-widget_type=\"image.default\">\n\t\t\t\t<div class=\"elementor-widget-container\">\n\t\t\t\t\t\t\t\t\t\t\t\t\t\t\t<img decoding=\"async\" width=\"541\" height=\"533\" src=\"https:\/\/www.happeningcreation.com\/wp-content\/uploads\/Jordi-Purti-BD.jpg\" class=\"attachment-large size-large wp-image-2512\" alt=\"\" srcset=\"https:\/\/www.happeningcreation.com\/wp-content\/uploads\/Jordi-Purti-BD.jpg 541w, https:\/\/www.happeningcreation.com\/wp-content\/uploads\/Jordi-Purti-BD-300x296.jpg 300w, https:\/\/www.happeningcreation.com\/wp-content\/uploads\/Jordi-Purti-BD-305x300.jpg 305w\" sizes=\"(max-width: 541px) 100vw, 541px\" \/>\t\t\t\t\t\t\t\t\t\t\t\t\t\t\t<\/div>\n\t\t\t\t<\/div>\n\t\t\t\t\t<\/div>\n\t\t<\/div>\n\t\t\t\t<div class=\"elementor-column elementor-col-50 elementor-top-column elementor-element elementor-element-56bfb53\" data-id=\"56bfb53\" data-element_type=\"column\" data-e-type=\"column\">\n\t\t\t<div class=\"elementor-widget-wrap elementor-element-populated\">\n\t\t\t\t\t\t<div class=\"elementor-element elementor-element-921d700 elementor-widget elementor-widget-text-editor\" data-id=\"921d700\" data-element_type=\"widget\" data-e-type=\"widget\" data-widget_type=\"text-editor.default\">\n\t\t\t\t<div class=\"elementor-widget-container\">\n\t\t\t\t\t\t\t\t\t<p><span style=\"color: #000000;\">Form\u00e9 \u00e0 l\u2019Institut du Th\u00e9\u00e2tre de Barcelone, avant d\u2019int\u00e9grer la compagnie Els Joglars, <strong>Jordi Purti\u00a0<\/strong>est un mime, clown, com\u00e9dien, auteur et metteur en sc\u00e8ne. En 1991, il commence \u00e0 \u00e9crire et diriger son propre travail. A ce jour, il a \u00a0plus de 50 projets r\u00e9alis\u00e9s, dont les cr\u00e9ations <em>Hop! Era<\/em> et <em>Operetta, <\/em>qui cumulent de nombreux prix et repr\u00e9sentations dans le monde entier. <em>Desconcerto<\/em> est sa nouvelle cr\u00e9ation. \u00a0<\/span><\/p>\t\t\t\t\t\t\t\t<\/div>\n\t\t\t\t<\/div>\n\t\t\t\t\t<\/div>\n\t\t<\/div>\n\t\t\t\t\t<\/div>\n\t\t<\/section>\n\t\t\t\t<section class=\"elementor-section elementor-top-section elementor-element elementor-element-ecf3f17 elementor-section-boxed elementor-section-height-default elementor-section-height-default\" data-id=\"ecf3f17\" data-element_type=\"section\" data-e-type=\"section\">\n\t\t\t\t\t\t<div class=\"elementor-container elementor-column-gap-default\">\n\t\t\t\t\t<div class=\"elementor-column elementor-col-100 elementor-top-column elementor-element elementor-element-a539893\" data-id=\"a539893\" data-element_type=\"column\" data-e-type=\"column\">\n\t\t\t<div class=\"elementor-widget-wrap elementor-element-populated\">\n\t\t\t\t\t\t<div class=\"elementor-element elementor-element-e6392f3 elementor-widget elementor-widget-text-editor\" data-id=\"e6392f3\" data-element_type=\"widget\" data-e-type=\"widget\" data-widget_type=\"text-editor.default\">\n\t\t\t\t<div class=\"elementor-widget-container\">\n\t\t\t\t\t\t\t\t\t<p><span style=\"color: #000000;\">Orquestra de cambra de l&rsquo;Empord\u00e0 : <br \/><\/span><\/p><p><span style=\"color: #000000;\">Fond\u00e9 \u00e0 Figueres en 1989, le r\u00e9pertoire de cette institution catalane, va de la musique classique \u00e0 la musique contemporaine. Avec plus de 2 500 concerts \u00e0 son actif pendant ses vingt-sept ans d&rsquo;existence, sur les 5 continents et dans plus de 47 pays, il a atteint un niveau de reconnaissance internationale. <br \/><\/span><\/p>\t\t\t\t\t\t\t\t<\/div>\n\t\t\t\t<\/div>\n\t\t\t\t\t<\/div>\n\t\t<\/div>\n\t\t\t\t\t<\/div>\n\t\t<\/section>\n\t\t\t\t<section class=\"elementor-section elementor-top-section elementor-element elementor-element-7e6cf29 elementor-section-boxed elementor-section-height-default elementor-section-height-default\" data-id=\"7e6cf29\" data-element_type=\"section\" data-e-type=\"section\">\n\t\t\t\t\t\t<div class=\"elementor-container elementor-column-gap-default\">\n\t\t\t\t\t<div class=\"elementor-column elementor-col-100 elementor-top-column elementor-element elementor-element-adca195\" data-id=\"adca195\" data-element_type=\"column\" data-e-type=\"column\">\n\t\t\t<div class=\"elementor-widget-wrap elementor-element-populated\">\n\t\t\t\t\t\t<div class=\"elementor-element elementor-element-47e3543 elementor-align-center elementor-widget elementor-widget-button\" data-id=\"47e3543\" data-element_type=\"widget\" data-e-type=\"widget\" data-widget_type=\"button.default\">\n\t\t\t\t<div class=\"elementor-widget-container\">\n\t\t\t\t\t\t\t\t\t<div class=\"elementor-button-wrapper\">\n\t\t\t\t\t<a class=\"elementor-button elementor-button-link elementor-size-sm\" href=\"https:\/\/www.happeningcreation.com\/wp-content\/uploads\/DP-Desconcerto-23-24.pdf\" target=\"_blank\">\n\t\t\t\t\t\t<span class=\"elementor-button-content-wrapper\">\n\t\t\t\t\t\t\t\t\t<span class=\"elementor-button-text\">Dossier de pr\u00e9sentation<\/span>\n\t\t\t\t\t<\/span>\n\t\t\t\t\t<\/a>\n\t\t\t\t<\/div>\n\t\t\t\t\t\t\t\t<\/div>\n\t\t\t\t<\/div>\n\t\t\t\t\t<\/div>\n\t\t<\/div>\n\t\t\t\t\t<\/div>\n\t\t<\/section>\n\t\t\t\t<\/div>\n\t\t","protected":false},"excerpt":{"rendered":"<p>Genre : Musique classique pour tous ! Production : Orquestra de cambra de l&rsquo;Empord\u00e0 et Jordi Purti Mise en sc\u00e8ne : Jordi Purti Les 12 musiciens de l&rsquo;Orquestra de Cambra l\u2019Empord\u00e0, tout droit venus de Catalogne, proposent un concert-spectacle humoristique &hellip; <a href=\"https:\/\/www.happeningcreation.com\/?page_id=2491\">Continuer la lecture <span class=\"meta-nav\">&rarr;<\/span><\/a><\/p>\n","protected":false},"author":1,"featured_media":0,"parent":0,"menu_order":0,"comment_status":"closed","ping_status":"closed","template":"","meta":{"om_disable_all_campaigns":false,"_exactmetrics_skip_tracking":false,"_exactmetrics_sitenote_active":false,"_exactmetrics_sitenote_note":"","_exactmetrics_sitenote_category":0,"_monsterinsights_skip_tracking":false,"_monsterinsights_sitenote_active":false,"_monsterinsights_sitenote_note":"","_monsterinsights_sitenote_category":0,"footnotes":""},"class_list":["post-2491","page","type-page","status-publish","hentry"],"aioseo_notices":[],"_links":{"self":[{"href":"https:\/\/www.happeningcreation.com\/index.php?rest_route=\/wp\/v2\/pages\/2491","targetHints":{"allow":["GET"]}}],"collection":[{"href":"https:\/\/www.happeningcreation.com\/index.php?rest_route=\/wp\/v2\/pages"}],"about":[{"href":"https:\/\/www.happeningcreation.com\/index.php?rest_route=\/wp\/v2\/types\/page"}],"author":[{"embeddable":true,"href":"https:\/\/www.happeningcreation.com\/index.php?rest_route=\/wp\/v2\/users\/1"}],"replies":[{"embeddable":true,"href":"https:\/\/www.happeningcreation.com\/index.php?rest_route=%2Fwp%2Fv2%2Fcomments&post=2491"}],"version-history":[{"count":24,"href":"https:\/\/www.happeningcreation.com\/index.php?rest_route=\/wp\/v2\/pages\/2491\/revisions"}],"predecessor-version":[{"id":4393,"href":"https:\/\/www.happeningcreation.com\/index.php?rest_route=\/wp\/v2\/pages\/2491\/revisions\/4393"}],"wp:attachment":[{"href":"https:\/\/www.happeningcreation.com\/index.php?rest_route=%2Fwp%2Fv2%2Fmedia&parent=2491"}],"curies":[{"name":"wp","href":"https:\/\/api.w.org\/{rel}","templated":true}]}}