{"id":2613,"date":"2019-10-27T03:08:08","date_gmt":"2019-10-27T13:38:08","guid":{"rendered":"https:\/\/www.happeningcreation.com\/?page_id=2613"},"modified":"2019-10-27T04:07:17","modified_gmt":"2019-10-27T14:37:17","slug":"elementor-2613","status":"publish","type":"page","link":"https:\/\/www.happeningcreation.com\/?page_id=2613","title":{"rendered":""},"content":{"rendered":"\t\t<div data-elementor-type=\"wp-page\" data-elementor-id=\"2613\" class=\"elementor elementor-2613\" data-elementor-post-type=\"page\">\n\t\t\t\t\t\t<section class=\"elementor-section elementor-top-section elementor-element elementor-element-c23ca8c elementor-section-boxed elementor-section-height-default elementor-section-height-default\" data-id=\"c23ca8c\" data-element_type=\"section\" data-e-type=\"section\">\n\t\t\t\t\t\t<div class=\"elementor-container elementor-column-gap-default\">\n\t\t\t\t\t<div class=\"elementor-column elementor-col-100 elementor-top-column elementor-element elementor-element-8b6eb02\" data-id=\"8b6eb02\" data-element_type=\"column\" data-e-type=\"column\">\n\t\t\t<div class=\"elementor-widget-wrap elementor-element-populated\">\n\t\t\t\t\t\t<div class=\"elementor-element elementor-element-40d5334 elementor-widget elementor-widget-heading\" data-id=\"40d5334\" data-element_type=\"widget\" data-e-type=\"widget\" data-widget_type=\"heading.default\">\n\t\t\t\t<div class=\"elementor-widget-container\">\n\t\t\t\t\t<h2 class=\"elementor-heading-title elementor-size-default\">EVENEMENTS<\/h2>\t\t\t\t<\/div>\n\t\t\t\t<\/div>\n\t\t\t\t\t<\/div>\n\t\t<\/div>\n\t\t\t\t\t<\/div>\n\t\t<\/section>\n\t\t\t\t<section class=\"elementor-section elementor-top-section elementor-element elementor-element-de9334e elementor-section-boxed elementor-section-height-default elementor-section-height-default\" data-id=\"de9334e\" data-element_type=\"section\" data-e-type=\"section\">\n\t\t\t\t\t\t<div class=\"elementor-container elementor-column-gap-default\">\n\t\t\t\t\t<div class=\"elementor-column elementor-col-100 elementor-top-column elementor-element elementor-element-fd65cb0\" data-id=\"fd65cb0\" data-element_type=\"column\" data-e-type=\"column\">\n\t\t\t<div class=\"elementor-widget-wrap elementor-element-populated\">\n\t\t\t\t\t\t<div class=\"elementor-element elementor-element-63827b7 elementor-widget elementor-widget-text-editor\" data-id=\"63827b7\" data-element_type=\"widget\" data-e-type=\"widget\" data-widget_type=\"text-editor.default\">\n\t\t\t\t<div class=\"elementor-widget-container\">\n\t\t\t\t\t\t\t\t\t<p><span style=\"color: #000000;\">Depuis 2011, Sc\u00e8ne <span style=\"color: #ff6600;\">&amp;<\/span> Cies assure la direction du festival de th\u00e9\u00e2tre de Bonaguil-Fumel, reconnu comme un des \u00e9v\u00e9nements majeurs de la R\u00e9gion Nouvelle-Aquitaine.\u00a0 En repositionnant son projet d&rsquo;\u00e9tablissement, notre structure a su apporter des solutions adapt\u00e9es \u00e0 l&rsquo;association du festival ainsi qu&rsquo;aux diff\u00e9rents partenaires,\u00a0 afin de\u00a0 permettre le d\u00e9veloppement et la p\u00e9rennit\u00e9 de cette institution. En nous appuyant sur des choix f\u00e9d\u00e9rateurs et exigeants,\u00a0 sans perdre de vue qu&rsquo;une manifestation culturelle est au c\u0153ur des probl\u00e9matiques de territoires et doit \u0153uvrer pour le d\u00e9veloppement \u00e9conomique de la r\u00e9gion, penser public local et touristes, nous avons pu mettre en pratique nos comp\u00e9tences artistiques, techniques, administratives et financi\u00e8res. <br \/><\/span><\/p>\t\t\t\t\t\t\t\t<\/div>\n\t\t\t\t<\/div>\n\t\t\t\t\t<\/div>\n\t\t<\/div>\n\t\t\t\t\t<\/div>\n\t\t<\/section>\n\t\t\t\t<section class=\"elementor-section elementor-top-section elementor-element elementor-element-c0423ee elementor-section-boxed elementor-section-height-default elementor-section-height-default\" data-id=\"c0423ee\" data-element_type=\"section\" data-e-type=\"section\">\n\t\t\t\t\t\t<div class=\"elementor-container elementor-column-gap-default\">\n\t\t\t\t\t<div class=\"elementor-column elementor-col-100 elementor-top-column elementor-element elementor-element-687d9e0\" data-id=\"687d9e0\" data-element_type=\"column\" data-e-type=\"column\">\n\t\t\t<div class=\"elementor-widget-wrap elementor-element-populated\">\n\t\t\t\t\t\t<div class=\"elementor-element elementor-element-34286f2 elementor-widget elementor-widget-image\" data-id=\"34286f2\" data-element_type=\"widget\" data-e-type=\"widget\" data-widget_type=\"image.default\">\n\t\t\t\t<div class=\"elementor-widget-container\">\n\t\t\t\t\t\t\t\t\t\t\t\t\t\t\t<img fetchpriority=\"high\" decoding=\"async\" width=\"584\" height=\"305\" src=\"https:\/\/www.happeningcreation.com\/wp-content\/uploads\/Les-Foss\u00e9s-1024x535.jpg\" class=\"attachment-large size-large wp-image-2620\" alt=\"\" srcset=\"https:\/\/www.happeningcreation.com\/wp-content\/uploads\/Les-Foss\u00e9s.jpg 1024w, https:\/\/www.happeningcreation.com\/wp-content\/uploads\/Les-Foss\u00e9s-300x157.jpg 300w, https:\/\/www.happeningcreation.com\/wp-content\/uploads\/Les-Foss\u00e9s-768x401.jpg 768w, https:\/\/www.happeningcreation.com\/wp-content\/uploads\/Les-Foss\u00e9s-500x261.jpg 500w\" sizes=\"(max-width: 584px) 100vw, 584px\" \/>\t\t\t\t\t\t\t\t\t\t\t\t\t\t\t<\/div>\n\t\t\t\t<\/div>\n\t\t\t\t\t<\/div>\n\t\t<\/div>\n\t\t\t\t\t<\/div>\n\t\t<\/section>\n\t\t\t\t<\/div>\n\t\t","protected":false},"excerpt":{"rendered":"<p>EVENEMENTS Depuis 2011, Sc\u00e8ne &amp; Cies assure la direction du festival de th\u00e9\u00e2tre de Bonaguil-Fumel, reconnu comme un des \u00e9v\u00e9nements majeurs de la R\u00e9gion Nouvelle-Aquitaine.&nbsp; En repositionnant son projet d&rsquo;\u00e9tablissement, notre structure a su apporter des solutions adapt\u00e9es \u00e0 l&rsquo;association &hellip; <a href=\"https:\/\/www.happeningcreation.com\/?page_id=2613\">Continuer la lecture <span class=\"meta-nav\">&rarr;<\/span><\/a><\/p>\n","protected":false},"author":1,"featured_media":0,"parent":0,"menu_order":0,"comment_status":"closed","ping_status":"closed","template":"","meta":{"om_disable_all_campaigns":false,"_exactmetrics_skip_tracking":false,"_exactmetrics_sitenote_active":false,"_exactmetrics_sitenote_note":"","_exactmetrics_sitenote_category":0,"_monsterinsights_skip_tracking":false,"_monsterinsights_sitenote_active":false,"_monsterinsights_sitenote_note":"","_monsterinsights_sitenote_category":0,"footnotes":""},"class_list":["post-2613","page","type-page","status-publish","hentry"],"aioseo_notices":[],"_links":{"self":[{"href":"https:\/\/www.happeningcreation.com\/index.php?rest_route=\/wp\/v2\/pages\/2613","targetHints":{"allow":["GET"]}}],"collection":[{"href":"https:\/\/www.happeningcreation.com\/index.php?rest_route=\/wp\/v2\/pages"}],"about":[{"href":"https:\/\/www.happeningcreation.com\/index.php?rest_route=\/wp\/v2\/types\/page"}],"author":[{"embeddable":true,"href":"https:\/\/www.happeningcreation.com\/index.php?rest_route=\/wp\/v2\/users\/1"}],"replies":[{"embeddable":true,"href":"https:\/\/www.happeningcreation.com\/index.php?rest_route=%2Fwp%2Fv2%2Fcomments&post=2613"}],"version-history":[{"count":6,"href":"https:\/\/www.happeningcreation.com\/index.php?rest_route=\/wp\/v2\/pages\/2613\/revisions"}],"predecessor-version":[{"id":2623,"href":"https:\/\/www.happeningcreation.com\/index.php?rest_route=\/wp\/v2\/pages\/2613\/revisions\/2623"}],"wp:attachment":[{"href":"https:\/\/www.happeningcreation.com\/index.php?rest_route=%2Fwp%2Fv2%2Fmedia&parent=2613"}],"curies":[{"name":"wp","href":"https:\/\/api.w.org\/{rel}","templated":true}]}}