{"id":2847,"date":"2021-01-07T04:49:19","date_gmt":"2021-01-07T15:19:19","guid":{"rendered":"https:\/\/www.happeningcreation.com\/?page_id=2847"},"modified":"2023-09-05T07:06:10","modified_gmt":"2023-09-05T17:36:10","slug":"elementor-2847","status":"publish","type":"page","link":"https:\/\/www.happeningcreation.com\/?page_id=2847","title":{"rendered":""},"content":{"rendered":"\t\t<div data-elementor-type=\"wp-page\" data-elementor-id=\"2847\" class=\"elementor elementor-2847\" data-elementor-post-type=\"page\">\n\t\t\t\t\t\t<section class=\"elementor-section elementor-top-section elementor-element elementor-element-2798799 elementor-section-boxed elementor-section-height-default elementor-section-height-default\" data-id=\"2798799\" data-element_type=\"section\" data-e-type=\"section\">\n\t\t\t\t\t\t<div class=\"elementor-container elementor-column-gap-default\">\n\t\t\t\t\t<div class=\"elementor-column elementor-col-50 elementor-top-column elementor-element elementor-element-edbdc72\" data-id=\"edbdc72\" data-element_type=\"column\" data-e-type=\"column\">\n\t\t\t<div class=\"elementor-widget-wrap elementor-element-populated\">\n\t\t\t\t\t\t<div class=\"elementor-element elementor-element-9307330 elementor-widget elementor-widget-image\" data-id=\"9307330\" data-element_type=\"widget\" data-e-type=\"widget\" data-widget_type=\"image.default\">\n\t\t\t\t<div class=\"elementor-widget-container\">\n\t\t\t\t\t\t\t\t\t\t\t\t\t\t\t\t<a href=\"https:\/\/www.happeningcreation.com\/wp-content\/uploads\/Vienne-1913-AVI-22.pdf\" target=\"_blank\">\n\t\t\t\t\t\t\t<img fetchpriority=\"high\" decoding=\"async\" width=\"584\" height=\"826\" src=\"https:\/\/www.happeningcreation.com\/wp-content\/uploads\/VIENNE-1913-affiche-tournee-bd.jpg\" class=\"elementor-animation-grow attachment-large size-large wp-image-4296\" alt=\"\" srcset=\"https:\/\/www.happeningcreation.com\/wp-content\/uploads\/VIENNE-1913-affiche-tournee-bd.jpg 700w, https:\/\/www.happeningcreation.com\/wp-content\/uploads\/VIENNE-1913-affiche-tournee-bd-212x300.jpg 212w\" sizes=\"(max-width: 584px) 100vw, 584px\" \/>\t\t\t\t\t\t\t\t<\/a>\n\t\t\t\t\t\t\t\t\t\t\t\t\t\t\t<\/div>\n\t\t\t\t<\/div>\n\t\t\t\t\t<\/div>\n\t\t<\/div>\n\t\t\t\t<div class=\"elementor-column elementor-col-50 elementor-top-column elementor-element elementor-element-ef77a37\" data-id=\"ef77a37\" data-element_type=\"column\" data-e-type=\"column\">\n\t\t\t<div class=\"elementor-widget-wrap elementor-element-populated\">\n\t\t\t\t\t\t<div class=\"elementor-element elementor-element-c2c21fe elementor-widget elementor-widget-text-editor\" data-id=\"c2c21fe\" data-element_type=\"widget\" data-e-type=\"widget\" data-widget_type=\"text-editor.default\">\n\t\t\t\t<div class=\"elementor-widget-container\">\n\t\t\t\t\t\t\t\t\t<p><span style=\"color: #000000;\">D\u2019apr\u00e8s la pi\u00e8ce de Alain Didier-Weill.<\/span><\/p><p><span style=\"color: #000000;\">Mise en sc\u00e8ne Jean-Luc Pali\u00e8s.<br \/><\/span><\/p><p><span style=\"color: #000000;\"> Dramaturgie et adaptation Louise Doutreligne<br \/><\/span><\/p><p><span style=\"color: #000000;\">Avec : Jean-Luc Pali\u00e8s, William Mesguich, Oscar Clark, Nathalie Lucas, Alain Guillo, Claudine Fi\u00e9vet, Estelle Andrea, Magali Pali\u00e8s ou Sophie Leleu, Catherine Brisset (musique sur verre).<br \/><\/span><\/p><p><span style=\"color: #000000;\">Costumes : Madeleine Nys &#8211; Sc\u00e9nographie : Lucas Jimenez &#8211; Cr\u00e9ation Lumi\u00e8res : Jean Maurice Dutriaux.<br \/><\/span><\/p><p><span style=\"color: #000000;\">\u00a0<\/span><span style=\"color: #000000;\">\u00a0Dur\u00e9e 1h25.<\/span><\/p><p style=\"text-align: center;\"><strong>Au th\u00e9\u00e2tre de l&rsquo;Ep\u00e9e de Bois (Cartoucherie-Paris)<\/strong><\/p><p style=\"text-align: center;\"><strong>du <\/strong><span style=\"color: #000000;\"><strong>7 au 24 septembre 2023. <\/strong><\/span><\/p><p style=\"text-align: center;\"><span style=\"color: #000000;\"><strong>Du jeudi au samedi \u00e0 21h, samedi et dimanche \u00e0 16h30.<br \/><\/strong><\/span><\/p>\t\t\t\t\t\t\t\t<\/div>\n\t\t\t\t<\/div>\n\t\t\t\t\t<\/div>\n\t\t<\/div>\n\t\t\t\t\t<\/div>\n\t\t<\/section>\n\t\t\t\t<section class=\"elementor-section elementor-top-section elementor-element elementor-element-83ec33f elementor-section-boxed elementor-section-height-default elementor-section-height-default\" data-id=\"83ec33f\" data-element_type=\"section\" data-e-type=\"section\">\n\t\t\t\t\t\t<div class=\"elementor-container elementor-column-gap-default\">\n\t\t\t\t\t<div class=\"elementor-column elementor-col-100 elementor-top-column elementor-element elementor-element-5054ef0\" data-id=\"5054ef0\" data-element_type=\"column\" data-e-type=\"column\">\n\t\t\t<div class=\"elementor-widget-wrap elementor-element-populated\">\n\t\t\t\t\t\t\t<\/div>\n\t\t<\/div>\n\t\t\t\t\t<\/div>\n\t\t<\/section>\n\t\t\t\t<section class=\"elementor-section elementor-top-section elementor-element elementor-element-99f85ce elementor-section-boxed elementor-section-height-default elementor-section-height-default\" data-id=\"99f85ce\" data-element_type=\"section\" data-e-type=\"section\">\n\t\t\t\t\t\t<div class=\"elementor-container elementor-column-gap-default\">\n\t\t\t\t\t<div class=\"elementor-column elementor-col-100 elementor-top-column elementor-element elementor-element-1bc1fed\" data-id=\"1bc1fed\" data-element_type=\"column\" data-e-type=\"column\">\n\t\t\t<div class=\"elementor-widget-wrap elementor-element-populated\">\n\t\t\t\t\t\t<div class=\"elementor-element elementor-element-f88c73e elementor-widget elementor-widget-image\" data-id=\"f88c73e\" data-element_type=\"widget\" data-e-type=\"widget\" data-widget_type=\"image.default\">\n\t\t\t\t<div class=\"elementor-widget-container\">\n\t\t\t\t\t\t\t\t\t\t\t\t\t\t\t<img decoding=\"async\" width=\"584\" height=\"389\" src=\"https:\/\/www.happeningcreation.com\/wp-content\/uploads\/Vienne1913.0190-site-BD.jpg\" class=\"attachment-large size-large wp-image-2850\" alt=\"\" srcset=\"https:\/\/www.happeningcreation.com\/wp-content\/uploads\/Vienne1913.0190-site-BD.jpg 900w, https:\/\/www.happeningcreation.com\/wp-content\/uploads\/Vienne1913.0190-site-BD-300x200.jpg 300w, https:\/\/www.happeningcreation.com\/wp-content\/uploads\/Vienne1913.0190-site-BD-768x512.jpg 768w, https:\/\/www.happeningcreation.com\/wp-content\/uploads\/Vienne1913.0190-site-BD-450x300.jpg 450w\" sizes=\"(max-width: 584px) 100vw, 584px\" \/>\t\t\t\t\t\t\t\t\t\t\t\t\t\t\t<\/div>\n\t\t\t\t<\/div>\n\t\t\t\t\t<\/div>\n\t\t<\/div>\n\t\t\t\t\t<\/div>\n\t\t<\/section>\n\t\t\t\t<section class=\"elementor-section elementor-top-section elementor-element elementor-element-cd29538 elementor-section-boxed elementor-section-height-default elementor-section-height-default\" data-id=\"cd29538\" data-element_type=\"section\" data-e-type=\"section\">\n\t\t\t\t\t\t<div class=\"elementor-container elementor-column-gap-default\">\n\t\t\t\t\t<div class=\"elementor-column elementor-col-100 elementor-top-column elementor-element elementor-element-5b5d6c3\" data-id=\"5b5d6c3\" data-element_type=\"column\" data-e-type=\"column\">\n\t\t\t<div class=\"elementor-widget-wrap elementor-element-populated\">\n\t\t\t\t\t\t<div class=\"elementor-element elementor-element-4fe3e98 elementor-widget elementor-widget-text-editor\" data-id=\"4fe3e98\" data-element_type=\"widget\" data-e-type=\"widget\" data-widget_type=\"text-editor.default\">\n\t\t\t\t<div class=\"elementor-widget-container\">\n\t\t\t\t\t\t\t\t\t<p style=\"text-align: center;\"><span style=\"color: #000000;\"><strong>Un \u00ab concert th\u00e9\u00e2tral \u00bb,<\/strong><strong><br \/>pour mieux entendre les fausses notes de l&rsquo;Histoire. <\/strong><\/span>\u00a0<\/p><p><span style=\"color: #000000;\"><em>Vienne, qui est au centre de la pi\u00e8ce, est, \u00e0 la veille de la 1\u00e8re Guerre Mondiale, une ville cosmopolite o\u00f9 brille une avant-garde culturelle et scientifique.<\/em><\/span><\/p><p><span style=\"color: #000000;\">\u00a0Hugo Von Klast, membre de l&rsquo;aristocratie viennoise, consulte Sigmund Freud, il est atteint de phobie antis\u00e9mite.<\/span><\/p><p><span style=\"color: #000000;\">Dans le m\u00eame temps, sur un banc d&rsquo;un parc du Prater, un jeune homme pauvre, f\u00eate\u00a0 seul ses 20 ans. Il suit les cours des Beaux-Arts et signe ses dessins de son pr\u00e9nom : Adolf.<\/span><\/p><p><span style=\"color: #000000;\">Ces 2 jeunes gens vont se rencontrer, se confronter \u00e0 de nombreux aspects de la soci\u00e9t\u00e9 viennoise et se forger quelques id\u00e9aux d\u00e9finitifs.<\/span><\/p><p><span style=\"color: #000000;\">\u00a0La fiction th\u00e9\u00e2trale rejoint la r\u00e9alit\u00e9 historique, elle laisse appara\u00eetre les m\u00e9canismes du sentiment raciste et permet de remonter aux origines du mal&#8230;<\/span><\/p><p style=\"text-align: center;\"><span style=\"color: #000000;\">En tourn\u00e9e saison 2024-2025.<\/span><\/p>\t\t\t\t\t\t\t\t<\/div>\n\t\t\t\t<\/div>\n\t\t\t\t\t<\/div>\n\t\t<\/div>\n\t\t\t\t\t<\/div>\n\t\t<\/section>\n\t\t\t\t<section class=\"elementor-section elementor-top-section elementor-element elementor-element-99e5b4a elementor-section-boxed elementor-section-height-default elementor-section-height-default\" data-id=\"99e5b4a\" data-element_type=\"section\" data-e-type=\"section\">\n\t\t\t\t\t\t<div class=\"elementor-container elementor-column-gap-default\">\n\t\t\t\t\t<div class=\"elementor-column elementor-col-100 elementor-top-column elementor-element elementor-element-8b8f60b\" data-id=\"8b8f60b\" data-element_type=\"column\" data-e-type=\"column\">\n\t\t\t<div class=\"elementor-widget-wrap elementor-element-populated\">\n\t\t\t\t\t\t<div class=\"elementor-element elementor-element-a2e8ec0 elementor-widget elementor-widget-video\" data-id=\"a2e8ec0\" data-element_type=\"widget\" data-e-type=\"widget\" data-settings=\"{&quot;video_type&quot;:&quot;vimeo&quot;}\" data-widget_type=\"video.default\">\n\t\t\t\t<div class=\"elementor-widget-container\">\n\t\t\t\t\t\t\t<div class=\"elementor-wrapper elementor-open-inline\">\n\t\t\t<iframe class=\"elementor-video-iframe\" allowfullscreen allow=\"clipboard-write\" title=\"Lecteur vid\u00e9o vimeo\" src=\"https:\/\/player.vimeo.com\/video\/485532469?color&amp;autopause=0&amp;loop=0&amp;muted=0&amp;title=1&amp;portrait=1&amp;byline=1&amp;h=7de2b2f5fe#t=\"><\/iframe>\t\t<\/div>\n\t\t\t\t\t\t<\/div>\n\t\t\t\t<\/div>\n\t\t\t\t\t<\/div>\n\t\t<\/div>\n\t\t\t\t\t<\/div>\n\t\t<\/section>\n\t\t\t\t<section class=\"elementor-section elementor-top-section elementor-element elementor-element-3bf68b2 elementor-section-boxed elementor-section-height-default elementor-section-height-default\" data-id=\"3bf68b2\" data-element_type=\"section\" data-e-type=\"section\">\n\t\t\t\t\t\t<div class=\"elementor-container elementor-column-gap-default\">\n\t\t\t\t\t<div class=\"elementor-column elementor-col-100 elementor-top-column elementor-element elementor-element-9422c3c\" data-id=\"9422c3c\" data-element_type=\"column\" data-e-type=\"column\">\n\t\t\t<div class=\"elementor-widget-wrap elementor-element-populated\">\n\t\t\t\t\t\t<div class=\"elementor-element elementor-element-ed65a03 elementor-widget elementor-widget-text-editor\" data-id=\"ed65a03\" data-element_type=\"widget\" data-e-type=\"widget\" data-widget_type=\"text-editor.default\">\n\t\t\t\t<div class=\"elementor-widget-container\">\n\t\t\t\t\t\t\t\t\t<p><span style=\"color: #000000;\">Production : Cie Influensc\u00e8nes, Serge Paumier Production et Th\u00e9\u00e2tre Coluche, Plaisir.<\/span><\/p>\t\t\t\t\t\t\t\t<\/div>\n\t\t\t\t<\/div>\n\t\t\t\t\t<\/div>\n\t\t<\/div>\n\t\t\t\t\t<\/div>\n\t\t<\/section>\n\t\t\t\t<\/div>\n\t\t","protected":false},"excerpt":{"rendered":"<p>D\u2019apr\u00e8s la pi\u00e8ce de Alain Didier-Weill. Mise en sc\u00e8ne Jean-Luc Pali\u00e8s. Dramaturgie et adaptation Louise Doutreligne Avec : Jean-Luc Pali\u00e8s, William Mesguich, Oscar Clark, Nathalie Lucas, Alain Guillo, Claudine Fi\u00e9vet, Estelle Andrea, Magali Pali\u00e8s ou Sophie Leleu, Catherine Brisset (musique &hellip; <a href=\"https:\/\/www.happeningcreation.com\/?page_id=2847\">Continuer la lecture <span class=\"meta-nav\">&rarr;<\/span><\/a><\/p>\n","protected":false},"author":1,"featured_media":0,"parent":0,"menu_order":0,"comment_status":"closed","ping_status":"closed","template":"","meta":{"om_disable_all_campaigns":false,"_exactmetrics_skip_tracking":false,"_exactmetrics_sitenote_active":false,"_exactmetrics_sitenote_note":"","_exactmetrics_sitenote_category":0,"_monsterinsights_skip_tracking":false,"_monsterinsights_sitenote_active":false,"_monsterinsights_sitenote_note":"","_monsterinsights_sitenote_category":0,"footnotes":""},"class_list":["post-2847","page","type-page","status-publish","hentry"],"aioseo_notices":[],"_links":{"self":[{"href":"https:\/\/www.happeningcreation.com\/index.php?rest_route=\/wp\/v2\/pages\/2847","targetHints":{"allow":["GET"]}}],"collection":[{"href":"https:\/\/www.happeningcreation.com\/index.php?rest_route=\/wp\/v2\/pages"}],"about":[{"href":"https:\/\/www.happeningcreation.com\/index.php?rest_route=\/wp\/v2\/types\/page"}],"author":[{"embeddable":true,"href":"https:\/\/www.happeningcreation.com\/index.php?rest_route=\/wp\/v2\/users\/1"}],"replies":[{"embeddable":true,"href":"https:\/\/www.happeningcreation.com\/index.php?rest_route=%2Fwp%2Fv2%2Fcomments&post=2847"}],"version-history":[{"count":26,"href":"https:\/\/www.happeningcreation.com\/index.php?rest_route=\/wp\/v2\/pages\/2847\/revisions"}],"predecessor-version":[{"id":4307,"href":"https:\/\/www.happeningcreation.com\/index.php?rest_route=\/wp\/v2\/pages\/2847\/revisions\/4307"}],"wp:attachment":[{"href":"https:\/\/www.happeningcreation.com\/index.php?rest_route=%2Fwp%2Fv2%2Fmedia&parent=2847"}],"curies":[{"name":"wp","href":"https:\/\/api.w.org\/{rel}","templated":true}]}}