{"id":3805,"date":"2022-10-14T06:40:27","date_gmt":"2022-10-14T17:10:27","guid":{"rendered":"https:\/\/www.happeningcreation.com\/?page_id=3805"},"modified":"2022-10-15T23:07:38","modified_gmt":"2022-10-16T09:37:38","slug":"elementor-3805","status":"publish","type":"page","link":"https:\/\/www.happeningcreation.com\/?page_id=3805","title":{"rendered":""},"content":{"rendered":"\t\t<div data-elementor-type=\"wp-page\" data-elementor-id=\"3805\" class=\"elementor elementor-3805\" data-elementor-post-type=\"page\">\n\t\t\t\t\t\t<section class=\"elementor-section elementor-top-section elementor-element elementor-element-db025c1 elementor-section-boxed elementor-section-height-default elementor-section-height-default\" data-id=\"db025c1\" data-element_type=\"section\" data-e-type=\"section\">\n\t\t\t\t\t\t<div class=\"elementor-container elementor-column-gap-default\">\n\t\t\t\t\t<div class=\"elementor-column elementor-col-100 elementor-top-column elementor-element elementor-element-8eec6eb\" data-id=\"8eec6eb\" data-element_type=\"column\" data-e-type=\"column\">\n\t\t\t<div class=\"elementor-widget-wrap elementor-element-populated\">\n\t\t\t\t\t\t<div class=\"elementor-element elementor-element-e941d38 elementor-skin-carousel elementor-arrows-yes elementor-widget elementor-widget-media-carousel\" data-id=\"e941d38\" data-element_type=\"widget\" data-e-type=\"widget\" data-settings=\"{&quot;slides_per_view&quot;:&quot;1&quot;,&quot;slides_to_scroll&quot;:&quot;1&quot;,&quot;skin&quot;:&quot;carousel&quot;,&quot;effect&quot;:&quot;slide&quot;,&quot;show_arrows&quot;:&quot;yes&quot;,&quot;speed&quot;:500,&quot;autoplay&quot;:&quot;yes&quot;,&quot;autoplay_speed&quot;:5000,&quot;loop&quot;:&quot;yes&quot;,&quot;pause_on_hover&quot;:&quot;yes&quot;,&quot;pause_on_interaction&quot;:&quot;yes&quot;,&quot;space_between&quot;:{&quot;unit&quot;:&quot;px&quot;,&quot;size&quot;:10,&quot;sizes&quot;:[]},&quot;space_between_tablet&quot;:{&quot;unit&quot;:&quot;px&quot;,&quot;size&quot;:10,&quot;sizes&quot;:[]},&quot;space_between_mobile&quot;:{&quot;unit&quot;:&quot;px&quot;,&quot;size&quot;:10,&quot;sizes&quot;:[]}}\" data-widget_type=\"media-carousel.default\">\n\t\t\t\t<div class=\"elementor-widget-container\">\n\t\t\t\t\t\t\t\t\t<div class=\"elementor-swiper\">\n\t\t\t\t\t<div class=\"elementor-main-swiper swiper\" role=\"region\" aria-roledescription=\"carousel\" aria-label=\"Diapositives\">\n\t\t\t\t<div class=\"swiper-wrapper\">\n\t\t\t\t\t\t\t\t\t\t\t<div class=\"swiper-slide\" role=\"group\" aria-roledescription=\"slide\">\n\t\t\t\t\t\t\t\t\t<div class=\"elementor-carousel-image\" role=\"img\" aria-label=\"lesvoyagesfantastiquesc_4\" style=\"background-image: url(&#039;https:\/\/www.happeningcreation.com\/wp-content\/uploads\/lesvoyagesfantastiquesc_4.jpg&#039;)\">\n\n\t\t\t\n\t\t\t\t\t<\/div>\n\t\t\t\t\t\t\t\t<\/div>\n\t\t\t\t\t\t\t\t\t\t\t<div class=\"swiper-slide\" role=\"group\" aria-roledescription=\"slide\">\n\t\t\t\t\t\t\t\t\t<div class=\"elementor-carousel-image\" role=\"img\" aria-label=\"lesvoyages4\" style=\"background-image: url(&#039;https:\/\/www.happeningcreation.com\/wp-content\/uploads\/lesvoyages4-1.jpg&#039;)\">\n\n\t\t\t\n\t\t\t\t\t<\/div>\n\t\t\t\t\t\t\t\t<\/div>\n\t\t\t\t\t\t\t\t\t\t\t<div class=\"swiper-slide\" role=\"group\" aria-roledescription=\"slide\">\n\t\t\t\t\t\t\t\t\t<div class=\"elementor-carousel-image\" role=\"img\" aria-label=\"VF BD\" style=\"background-image: url(&#039;https:\/\/www.happeningcreation.com\/wp-content\/uploads\/VF-BD-1.jpg&#039;)\">\n\n\t\t\t\n\t\t\t\t\t<\/div>\n\t\t\t\t\t\t\t\t<\/div>\n\t\t\t\t\t\t\t\t\t\t\t<div class=\"swiper-slide\" role=\"group\" aria-roledescription=\"slide\">\n\t\t\t\t\t\t\t\t\t<div class=\"elementor-carousel-image\" role=\"img\" aria-label=\"VF BD\" style=\"background-image: url(&#039;https:\/\/www.happeningcreation.com\/wp-content\/uploads\/VF-BD-1.jpg&#039;)\">\n\n\t\t\t\n\t\t\t\t\t<\/div>\n\t\t\t\t\t\t\t\t<\/div>\n\t\t\t\t\t\t\t\t\t\t\t<div class=\"swiper-slide\" role=\"group\" aria-roledescription=\"slide\">\n\t\t\t\t\t\t\t\t\t<div class=\"elementor-carousel-image\" role=\"img\" aria-label=\"DIM_3238\" style=\"background-image: url(&#039;https:\/\/www.happeningcreation.com\/wp-content\/uploads\/DIM_3238.jpg&#039;)\">\n\n\t\t\t\n\t\t\t\t\t<\/div>\n\t\t\t\t\t\t\t\t<\/div>\n\t\t\t\t\t\t\t\t\t\t\t<div class=\"swiper-slide\" role=\"group\" aria-roledescription=\"slide\">\n\t\t\t\t\t\t\t\t\t<div class=\"elementor-carousel-image\" role=\"img\" aria-label=\"DIM_3624 BD\" style=\"background-image: url(&#039;https:\/\/www.happeningcreation.com\/wp-content\/uploads\/DIM_3624-BD.jpg&#039;)\">\n\n\t\t\t\n\t\t\t\t\t<\/div>\n\t\t\t\t\t\t\t\t<\/div>\n\t\t\t\t\t\t\t\t\t<\/div>\n\t\t\t\t\t\t\t\t\t\t\t\t\t\t\t<div class=\"elementor-swiper-button elementor-swiper-button-prev\" role=\"button\" tabindex=\"0\" aria-label=\"Pr\u00e9c\u00e9dent\">\n\t\t\t\t\t\t\t<i aria-hidden=\"true\" class=\"eicon-chevron-left\"><\/i>\t\t\t\t\t\t<\/div>\n\t\t\t\t\t\t<div class=\"elementor-swiper-button elementor-swiper-button-next\" role=\"button\" tabindex=\"0\" aria-label=\"Suivant\">\n\t\t\t\t\t\t\t<i aria-hidden=\"true\" class=\"eicon-chevron-right\"><\/i>\t\t\t\t\t\t<\/div>\n\t\t\t\t\t\t\t\t\t\t\t\t\t\t\t\t\t<\/div>\n\t\t\t\t<\/div>\n\t\t\t\t\t\t\t\t<\/div>\n\t\t\t\t<\/div>\n\t\t\t\t\t<\/div>\n\t\t<\/div>\n\t\t\t\t\t<\/div>\n\t\t<\/section>\n\t\t\t\t<section class=\"elementor-section elementor-top-section elementor-element elementor-element-5cff9e2 elementor-section-boxed elementor-section-height-default elementor-section-height-default\" data-id=\"5cff9e2\" data-element_type=\"section\" data-e-type=\"section\">\n\t\t\t\t\t\t<div class=\"elementor-container elementor-column-gap-default\">\n\t\t\t\t\t<div class=\"elementor-column elementor-col-50 elementor-top-column elementor-element elementor-element-12c28a9\" data-id=\"12c28a9\" data-element_type=\"column\" data-e-type=\"column\">\n\t\t\t<div class=\"elementor-widget-wrap elementor-element-populated\">\n\t\t\t\t\t\t<div class=\"elementor-element elementor-element-71235c6 elementor-widget elementor-widget-image\" data-id=\"71235c6\" data-element_type=\"widget\" data-e-type=\"widget\" data-widget_type=\"image.default\">\n\t\t\t\t<div class=\"elementor-widget-container\">\n\t\t\t\t\t\t\t\t\t\t\t\t\t\t\t<img fetchpriority=\"high\" decoding=\"async\" width=\"584\" height=\"818\" src=\"https:\/\/www.happeningcreation.com\/wp-content\/uploads\/Affiche-VF-BD-1.jpg\" class=\"attachment-large size-large wp-image-2343\" alt=\"\" srcset=\"https:\/\/www.happeningcreation.com\/wp-content\/uploads\/Affiche-VF-BD-1.jpg 595w, https:\/\/www.happeningcreation.com\/wp-content\/uploads\/Affiche-VF-BD-1-214x300.jpg 214w\" sizes=\"(max-width: 584px) 100vw, 584px\" \/>\t\t\t\t\t\t\t\t\t\t\t\t\t\t\t<\/div>\n\t\t\t\t<\/div>\n\t\t\t\t\t<\/div>\n\t\t<\/div>\n\t\t\t\t<div class=\"elementor-column elementor-col-50 elementor-top-column elementor-element elementor-element-f2e1b59\" data-id=\"f2e1b59\" data-element_type=\"column\" data-e-type=\"column\">\n\t\t\t<div class=\"elementor-widget-wrap elementor-element-populated\">\n\t\t\t\t\t\t<div class=\"elementor-element elementor-element-5845eeb elementor-widget elementor-widget-text-editor\" data-id=\"5845eeb\" data-element_type=\"widget\" data-e-type=\"widget\" data-widget_type=\"text-editor.default\">\n\t\t\t\t<div class=\"elementor-widget-container\">\n\t\t\t\t\t\t\t\t\t<p><strong>Ecriture et mise en sc\u00e8ne de Ned Grujic<\/strong><\/p><p>En accord avec les Cies Les Trottoirs du Hasard &amp; Les Tr\u00e9teaux de la pleine lune.<\/p><p><strong>Avec<\/strong> : <strong>Amaury Jaubert, Kaloo Florsheimer, Se\u0301bastien Bergery, Alexandre Gue\u0301rin, Antoine The\u0301ry, Iban Bergery<\/strong>.<\/p><p>Spectacle familial \u00e0 partir de 5 ans.<\/p><p><strong>\u00a0<em>Apr\u00e8s Gulliver et fils, Ned Grujic explore les univers imaginaires des deux ma\u00eetres, Jules Verne et Georges M\u00e9li\u00e8s, et nous entra\u00eene, avec po\u00e9sie et humour, dans la folle aventure du cin\u00e9ma et des effets sp\u00e9ciaux. Un bonheur \u00e0 partager en famille.<\/em><\/strong><\/p>\t\t\t\t\t\t\t\t<\/div>\n\t\t\t\t<\/div>\n\t\t\t\t\t<\/div>\n\t\t<\/div>\n\t\t\t\t\t<\/div>\n\t\t<\/section>\n\t\t\t\t<section class=\"elementor-section elementor-top-section elementor-element elementor-element-019b471 elementor-section-boxed elementor-section-height-default elementor-section-height-default\" data-id=\"019b471\" data-element_type=\"section\" data-e-type=\"section\">\n\t\t\t\t\t\t<div class=\"elementor-container elementor-column-gap-default\">\n\t\t\t\t\t<div class=\"elementor-column elementor-col-100 elementor-top-column elementor-element elementor-element-771561c\" data-id=\"771561c\" data-element_type=\"column\" data-e-type=\"column\">\n\t\t\t<div class=\"elementor-widget-wrap elementor-element-populated\">\n\t\t\t\t\t\t<div class=\"elementor-element elementor-element-5464f60 elementor-widget elementor-widget-text-editor\" data-id=\"5464f60\" data-element_type=\"widget\" data-e-type=\"widget\" data-widget_type=\"text-editor.default\">\n\t\t\t\t<div class=\"elementor-widget-container\">\n\t\t\t\t\t\t\t\t\t<p>Bienvenue dans le studio de cin\u00e9ma de George M\u00e9li\u00e8s, cin\u00e9aste et magicien extraordinaire, qui, en manque d\u2019inspiration, est pr\u00eat \u00e0 mettre la cl\u00e9 sous la porte. Il re\u00e7oit alors la myst\u00e9rieuse visite de\u2026 Jules Verne en personne ! Georges M\u00e9li\u00e8s tourne avec son \u00e9quipe trois courts-m\u00e9trages tir\u00e9s des plus beaux voyages que lui souffle Jules Verne : De la Terre \u00e0 la Lune, Voyage au centre de la terre et Vingt mille lieues sous les mers. Illusion des fonds marins et des crat\u00e8res de la lune, fus\u00e9es et monstres de tous ordres\u2026 Une exploration fantastique dans le temps. Th\u00e9\u00e2tre, jeux d\u2019ombres, cirque, magie recr\u00e9ent l\u2019illusion du cin\u00e9ma muet. Un spectacle du metteur en sc\u00e8ne Ned Grujic (Gulliver et fils, La V\u00e9ritable l\u00e9gende du P\u00e8re-No\u00ebl), qui, une fois de plus, nous \u00e9tonne par sa grande ing\u00e9niosit\u00e9.<\/p>\t\t\t\t\t\t\t\t<\/div>\n\t\t\t\t<\/div>\n\t\t\t\t\t<\/div>\n\t\t<\/div>\n\t\t\t\t\t<\/div>\n\t\t<\/section>\n\t\t\t\t<section class=\"elementor-section elementor-top-section elementor-element elementor-element-cc3f587 elementor-section-boxed elementor-section-height-default elementor-section-height-default\" data-id=\"cc3f587\" data-element_type=\"section\" data-e-type=\"section\">\n\t\t\t\t\t\t<div class=\"elementor-container elementor-column-gap-default\">\n\t\t\t\t\t<div class=\"elementor-column elementor-col-100 elementor-top-column elementor-element elementor-element-52ec5e8\" data-id=\"52ec5e8\" data-element_type=\"column\" data-e-type=\"column\">\n\t\t\t<div class=\"elementor-widget-wrap elementor-element-populated\">\n\t\t\t\t\t\t<div class=\"elementor-element elementor-element-17041a7 elementor-align-center elementor-widget elementor-widget-button\" data-id=\"17041a7\" data-element_type=\"widget\" data-e-type=\"widget\" data-widget_type=\"button.default\">\n\t\t\t\t<div class=\"elementor-widget-container\">\n\t\t\t\t\t\t\t\t\t<div class=\"elementor-button-wrapper\">\n\t\t\t\t\t<a class=\"elementor-button elementor-button-link elementor-size-sm elementor-animation-grow\" href=\"https:\/\/www.happeningcreation.com\/wp-content\/uploads\/DP-Les-Voyages-Fantastiques-1.pdf\" target=\"_blank\">\n\t\t\t\t\t\t<span class=\"elementor-button-content-wrapper\">\n\t\t\t\t\t\t<span class=\"elementor-button-icon\">\n\t\t\t\t<i aria-hidden=\"true\" class=\"far fa-file-pdf\"><\/i>\t\t\t<\/span>\n\t\t\t\t\t\t\t\t\t<span class=\"elementor-button-text\">Dossier de pr\u00e9sentation <\/span>\n\t\t\t\t\t<\/span>\n\t\t\t\t\t<\/a>\n\t\t\t\t<\/div>\n\t\t\t\t\t\t\t\t<\/div>\n\t\t\t\t<\/div>\n\t\t\t\t\t<\/div>\n\t\t<\/div>\n\t\t\t\t\t<\/div>\n\t\t<\/section>\n\t\t\t\t<section class=\"elementor-section elementor-top-section elementor-element elementor-element-3040407 elementor-section-boxed elementor-section-height-default elementor-section-height-default\" data-id=\"3040407\" data-element_type=\"section\" data-e-type=\"section\">\n\t\t\t\t\t\t<div class=\"elementor-container elementor-column-gap-default\">\n\t\t\t\t\t<div class=\"elementor-column elementor-col-100 elementor-top-column elementor-element elementor-element-40f517a\" data-id=\"40f517a\" data-element_type=\"column\" data-e-type=\"column\">\n\t\t\t<div class=\"elementor-widget-wrap elementor-element-populated\">\n\t\t\t\t\t\t<div class=\"elementor-element elementor-element-38c48cd elementor-widget elementor-widget-text-editor\" data-id=\"38c48cd\" data-element_type=\"widget\" data-e-type=\"widget\" data-widget_type=\"text-editor.default\">\n\t\t\t\t<div class=\"elementor-widget-container\">\n\t\t\t\t\t\t\t\t\t<p><strong>T\u00e9l\u00e9rama<\/strong> <strong>TTT<\/strong> : \u00a0\u00ab\u00a0 <em>Ned Grujic en chef d\u2019orchestre de spectacle original, parvient \u00e0 composer en direct, l\u2019illusion des voyages<\/em>.\u00a0\u00bb<\/p><p><strong>Froggy\u2019s Delight<\/strong> : \u00a0 \u00ab\u00a0 <em>Tout concourt donc \u00e0 donner une autre illusion : celui d\u2019un grand spectacle d\u00e9bordant d\u2019\u00e9normes effets sp\u00e9ciaux po\u00e9tiques. Ned Grujic r\u00e9ussit ainsi la m\u00eame prouesse que son a\u00een\u00e9 M\u00e9li\u00e8s : quand s\u2019ach\u00e8vera la promenade merveilleuse au pays des r\u00eaves verniens, on aura l\u2019impression qu\u2019elle n\u2019aura dur\u00e9 que le temps de l\u2019explosion d\u2019une bulle de savon color\u00e9e. En d\u00e9ployant des tr\u00e9sors d\u2019astuce au service d\u2019une transposition jubilatoire du cin\u00e9ma de M\u00e9li\u00e8s, tous les participants \u00e0 ces \u00ab Voyages fantastiques \u00bb sont \u00e0 f\u00e9liciter. Ils m\u00e9ritent le Moli\u00e8re du spectacle qui donnera envie aux petits comme aux grands de revenir souvent au th\u00e9\u00e2tre. \u00bb<\/em><\/p><p><strong>Sud Ouest <\/strong>: <strong><em>\u00ab <\/em><\/strong><em>Fantastiques voyages ! <\/em><strong><em>\u00bb<\/em><\/strong><em><br \/><\/em><\/p>\t\t\t\t\t\t\t\t<\/div>\n\t\t\t\t<\/div>\n\t\t\t\t\t<\/div>\n\t\t<\/div>\n\t\t\t\t\t<\/div>\n\t\t<\/section>\n\t\t\t\t<section class=\"elementor-section elementor-top-section elementor-element elementor-element-65af717 elementor-section-boxed elementor-section-height-default elementor-section-height-default\" data-id=\"65af717\" data-element_type=\"section\" data-e-type=\"section\">\n\t\t\t\t\t\t<div class=\"elementor-container elementor-column-gap-default\">\n\t\t\t\t\t<div class=\"elementor-column elementor-col-100 elementor-top-column elementor-element elementor-element-0500149\" data-id=\"0500149\" data-element_type=\"column\" data-e-type=\"column\">\n\t\t\t<div class=\"elementor-widget-wrap elementor-element-populated\">\n\t\t\t\t\t\t<div class=\"elementor-element elementor-element-dfd7633 elementor-widget elementor-widget-image\" data-id=\"dfd7633\" data-element_type=\"widget\" data-e-type=\"widget\" data-widget_type=\"image.default\">\n\t\t\t\t<div class=\"elementor-widget-container\">\n\t\t\t\t\t\t\t\t\t\t\t\t\t\t\t\t<a href=\"https:\/\/www.youtube.com\/watch?v=4_FbbwyBe8I\" target=\"_blank\">\n\t\t\t\t\t\t\t<img decoding=\"async\" width=\"584\" height=\"331\" src=\"https:\/\/www.happeningcreation.com\/wp-content\/uploads\/Capture-1.jpg\" class=\"attachment-large size-large wp-image-3803\" alt=\"\" srcset=\"https:\/\/www.happeningcreation.com\/wp-content\/uploads\/Capture-1.jpg 966w, https:\/\/www.happeningcreation.com\/wp-content\/uploads\/Capture-1-300x170.jpg 300w, https:\/\/www.happeningcreation.com\/wp-content\/uploads\/Capture-1-768x435.jpg 768w, https:\/\/www.happeningcreation.com\/wp-content\/uploads\/Capture-1-500x283.jpg 500w\" sizes=\"(max-width: 584px) 100vw, 584px\" \/>\t\t\t\t\t\t\t\t<\/a>\n\t\t\t\t\t\t\t\t\t\t\t\t\t\t\t<\/div>\n\t\t\t\t<\/div>\n\t\t\t\t\t<\/div>\n\t\t<\/div>\n\t\t\t\t\t<\/div>\n\t\t<\/section>\n\t\t\t\t<\/div>\n\t\t","protected":false},"excerpt":{"rendered":"<p>Previous Next Ecriture et mise en sc\u00e8ne de Ned Grujic En accord avec les Cies Les Trottoirs du Hasard &amp; Les Tr\u00e9teaux de la pleine lune. Avec : Amaury Jaubert, Kaloo Florsheimer, Se\u0301bastien Bergery, Alexandre Gue\u0301rin, Antoine The\u0301ry, Iban Bergery. &hellip; <a href=\"https:\/\/www.happeningcreation.com\/?page_id=3805\">Continuer la lecture <span class=\"meta-nav\">&rarr;<\/span><\/a><\/p>\n","protected":false},"author":1,"featured_media":0,"parent":0,"menu_order":0,"comment_status":"closed","ping_status":"closed","template":"elementor_header_footer","meta":{"om_disable_all_campaigns":false,"_exactmetrics_skip_tracking":false,"_exactmetrics_sitenote_active":false,"_exactmetrics_sitenote_note":"","_exactmetrics_sitenote_category":0,"_monsterinsights_skip_tracking":false,"_monsterinsights_sitenote_active":false,"_monsterinsights_sitenote_note":"","_monsterinsights_sitenote_category":0,"footnotes":""},"class_list":["post-3805","page","type-page","status-publish","hentry"],"aioseo_notices":[],"_links":{"self":[{"href":"https:\/\/www.happeningcreation.com\/index.php?rest_route=\/wp\/v2\/pages\/3805","targetHints":{"allow":["GET"]}}],"collection":[{"href":"https:\/\/www.happeningcreation.com\/index.php?rest_route=\/wp\/v2\/pages"}],"about":[{"href":"https:\/\/www.happeningcreation.com\/index.php?rest_route=\/wp\/v2\/types\/page"}],"author":[{"embeddable":true,"href":"https:\/\/www.happeningcreation.com\/index.php?rest_route=\/wp\/v2\/users\/1"}],"replies":[{"embeddable":true,"href":"https:\/\/www.happeningcreation.com\/index.php?rest_route=%2Fwp%2Fv2%2Fcomments&post=3805"}],"version-history":[{"count":17,"href":"https:\/\/www.happeningcreation.com\/index.php?rest_route=\/wp\/v2\/pages\/3805\/revisions"}],"predecessor-version":[{"id":3829,"href":"https:\/\/www.happeningcreation.com\/index.php?rest_route=\/wp\/v2\/pages\/3805\/revisions\/3829"}],"wp:attachment":[{"href":"https:\/\/www.happeningcreation.com\/index.php?rest_route=%2Fwp%2Fv2%2Fmedia&parent=3805"}],"curies":[{"name":"wp","href":"https:\/\/api.w.org\/{rel}","templated":true}]}}