{"id":4107,"date":"2023-05-09T01:27:35","date_gmt":"2023-05-09T11:57:35","guid":{"rendered":"https:\/\/www.happeningcreation.com\/?page_id=4107"},"modified":"2024-04-22T05:01:44","modified_gmt":"2024-04-22T15:31:44","slug":"elementor-4107","status":"publish","type":"page","link":"https:\/\/www.happeningcreation.com\/?page_id=4107","title":{"rendered":""},"content":{"rendered":"\t\t<div data-elementor-type=\"wp-page\" data-elementor-id=\"4107\" class=\"elementor elementor-4107\" data-elementor-post-type=\"page\">\n\t\t\t\t\t\t<section class=\"elementor-section elementor-top-section elementor-element elementor-element-66222a47 elementor-section-boxed elementor-section-height-default elementor-section-height-default\" data-id=\"66222a47\" data-element_type=\"section\" data-e-type=\"section\">\n\t\t\t\t\t\t<div class=\"elementor-container elementor-column-gap-default\">\n\t\t\t\t\t<div class=\"elementor-column elementor-col-50 elementor-top-column elementor-element elementor-element-4ad488e5\" data-id=\"4ad488e5\" data-element_type=\"column\" data-e-type=\"column\">\n\t\t\t<div class=\"elementor-widget-wrap elementor-element-populated\">\n\t\t\t\t\t\t<div class=\"elementor-element elementor-element-6c5d1769 elementor-widget elementor-widget-image\" data-id=\"6c5d1769\" data-element_type=\"widget\" data-e-type=\"widget\" data-widget_type=\"image.default\">\n\t\t\t\t<div class=\"elementor-widget-container\">\n\t\t\t\t\t\t\t\t\t\t\t\t\t\t\t<img fetchpriority=\"high\" decoding=\"async\" width=\"584\" height=\"899\" src=\"https:\/\/www.happeningcreation.com\/wp-content\/uploads\/2999116576051401054.jpg\" class=\"attachment-large size-large wp-image-4395\" alt=\"\" srcset=\"https:\/\/www.happeningcreation.com\/wp-content\/uploads\/2999116576051401054.jpg 665w, https:\/\/www.happeningcreation.com\/wp-content\/uploads\/2999116576051401054-195x300.jpg 195w\" sizes=\"(max-width: 584px) 100vw, 584px\" \/>\t\t\t\t\t\t\t\t\t\t\t\t\t\t\t<\/div>\n\t\t\t\t<\/div>\n\t\t\t\t\t<\/div>\n\t\t<\/div>\n\t\t\t\t<div class=\"elementor-column elementor-col-50 elementor-top-column elementor-element elementor-element-78d8140c\" data-id=\"78d8140c\" data-element_type=\"column\" data-e-type=\"column\">\n\t\t\t<div class=\"elementor-widget-wrap elementor-element-populated\">\n\t\t\t\t\t\t<div class=\"elementor-element elementor-element-5d8677c2 elementor-widget elementor-widget-text-editor\" data-id=\"5d8677c2\" data-element_type=\"widget\" data-e-type=\"widget\" data-widget_type=\"text-editor.default\">\n\t\t\t\t<div class=\"elementor-widget-container\">\n\t\t\t\t\t\t\t\t\t<p><strong>DU 1er MAI au 30 JUIN 2024 AU TH\u00c9\u00c2TRE LUCERNAIRE, du mercredi au samedi \u00e0 21h, \u00e0 17h30 le dimanche.\u00a0 <\/strong><\/p><p><span id=\"page8R_mcid12\" class=\"markedContent\"><br role=\"presentation\" \/><span dir=\"ltr\" role=\"presentation\">UNE PI\u00c8CE DE <strong>SOPHIE TELLIER<\/strong><\/span><\/span><span id=\"page8R_mcid14\" class=\"markedContent\"><\/span><\/p><p>MISE EN SC\u00c8NE DE <strong>JEAN-LUC REVOL<\/strong><\/p><p><span id=\"page8R_mcid14\" class=\"markedContent\"><span dir=\"ltr\" role=\"presentation\">AVEC :<\/span><\/span><strong><span id=\"page8R_mcid15\" class=\"markedContent\"> <span dir=\"ltr\" role=\"presentation\">SOPHIE TELLIER ET LUC-EMMANUEL BETTON ou DJAHIZ GIL<\/span><\/span><\/strong><span id=\"page8R_mcid20\" class=\"markedContent\"><\/span><\/p><p>TH\u00c9\u00c2TRE MUSICAL<\/p><p>DUR\u00c9E : 1H15<\/p><p><span id=\"page8R_mcid20\" class=\"markedContent\"><span dir=\"ltr\" role=\"presentation\">SC\u00c9NOGRAPHIE :<\/span><\/span><span id=\"page8R_mcid21\" class=\"markedContent\"> <span dir=\"ltr\" role=\"presentation\">JEAN-LUC REVOL<\/span><\/span><span id=\"page8R_mcid22\" class=\"markedContent\"><\/span><span id=\"page8R_mcid23\" class=\"markedContent\"><\/span><span id=\"page8R_mcid23\" class=\"markedContent\"><span dir=\"ltr\" role=\"presentation\"> \/ COSTUMES : JEF CASTAING<\/span><\/span><span id=\"page8R_mcid25\" class=\"markedContent\"><\/span><span id=\"page8R_mcid25\" class=\"markedContent\"><span dir=\"ltr\" role=\"presentation\"> \/ CREATION LUMI\u00c8RES :<\/span><\/span><span id=\"page8R_mcid26\" class=\"markedContent\"> ANNE GAYAN<\/span><span id=\"page8R_mcid27\" class=\"markedContent\"> <\/span><span id=\"page8R_mcid29\" class=\"markedContent\"><br role=\"presentation\" \/><\/span><span id=\"page8R_mcid30\" class=\"markedContent\"><\/span><\/p><p>PRODUCTION : L\u00c9O TH\u00c9\u00c2TRE &#8211; SOUTIEN : ADAMI<\/p>\t\t\t\t\t\t\t\t<\/div>\n\t\t\t\t<\/div>\n\t\t\t\t\t<\/div>\n\t\t<\/div>\n\t\t\t\t\t<\/div>\n\t\t<\/section>\n\t\t\t\t<section class=\"elementor-section elementor-top-section elementor-element elementor-element-e280bd9 elementor-section-boxed elementor-section-height-default elementor-section-height-default\" data-id=\"e280bd9\" data-element_type=\"section\" data-e-type=\"section\">\n\t\t\t\t\t\t<div class=\"elementor-container elementor-column-gap-default\">\n\t\t\t\t\t<div class=\"elementor-column elementor-col-100 elementor-top-column elementor-element elementor-element-2e4343c\" data-id=\"2e4343c\" data-element_type=\"column\" data-e-type=\"column\">\n\t\t\t<div class=\"elementor-widget-wrap elementor-element-populated\">\n\t\t\t\t\t\t<div class=\"elementor-element elementor-element-4de85b0 elementor-widget elementor-widget-text-editor\" data-id=\"4de85b0\" data-element_type=\"widget\" data-e-type=\"widget\" data-widget_type=\"text-editor.default\">\n\t\t\t\t<div class=\"elementor-widget-container\">\n\t\t\t\t\t\t\t\t\t<p><strong>LE SPECTACLE <br><\/strong><\/p>\n<p>Comment trouver sa place dans une soci\u00e9t\u00e9 enti\u00e8rement corset\u00e9e par les hommes ?<\/p>\n<p>Liane de Pougy (1869\/1950), se hisse tr\u00e8s jeune en haut de la hi\u00e9rarchie des Grandes Horizontales. Courtisane, danseuse et \u00e9crivaine, devenue l&rsquo;une des Reines de Paris, suscitant fascination ou m\u00e9pris, elle g\u00e8re sa tumultueuse carri\u00e8re galante en femme d&rsquo;affaires, en vrai g\u00e9nie de la communication. Une vie o\u00f9 la d\u00e9sob\u00e9issance morale serait la cl\u00e9 du progr\u00e8s. O\u00f9 volupt\u00e9, c\u00e9r\u00e9bralit\u00e9 et bisexualit\u00e9 tapageuse, font parfaitement bon m\u00e9nage. Un chemin joyeux, p\u00e9tillant comme du champagne, irr\u00e9v\u00e9rencieux, mais engag\u00e9 aussi, et d\u00e9cal\u00e9, comme sa vie scandaleuse. Jusqu&rsquo;\u00e0 sa recherche de r\u00e9demption&#8230;<\/p>\n<p>Un hommage \u00e0 une femme libre qui m\u00e9rite d&rsquo;\u00eatre mise en lumi\u00e8re.&nbsp;<\/p>\n<p>Nous suivrons Liane, \u00e0 la premi\u00e8re personne, de son enfance \u00e0 sa mort : sa carri\u00e8re de courtisane, d&rsquo;\u00e9crivaine, ses amours, son mariage, sa recherche de r\u00e9demption, presque les stations d&rsquo;un chemin de croix&#8230; mais un chemin joyeux aussi, p\u00e9tillant comme du champagne, irr\u00e9v\u00e9rencieux souvent, mais surtout engag\u00e9, \u00e9clair\u00e9 et d\u00e9cal\u00e9, comme sa vie scandaleuse.<br>Pour projeter le spectateur dans le tourbillon de cette vie tumultueuse, j&rsquo;ai choisi d&rsquo;\u00e9grener des virgules musicales du XIX\u00e8 au XXI\u00e8 si\u00e8cle,<br>emprunt\u00e9es aux r\u00e9pertoires de Reynaldo Hahn, Erik Satie, des chansons acidul\u00e9es de Jos\u00e9phine Baker, Lucienne Delisle, les Soeurs Etienne, Boris Vian, Jean Ferrat, Barbara, Gainsbourg, Juliette&#8230; ainsi que d&rsquo;enveloppantes valses argentines du d\u00e9but de ce si\u00e8cle tellement cosmopolite.<br>Du th\u00e9\u00e2tre musical donc, car Liane aimait chanter, danser, jouer, m\u00eame si elle ne le faisait pas tr\u00e8s bien et que sa vraie carri\u00e8re \u00e9tait ailleurs\u2026<\/p><p><b>SOPHIE TELLIER<\/b><br><\/p>\t\t\t\t\t\t\t\t<\/div>\n\t\t\t\t<\/div>\n\t\t\t\t\t<\/div>\n\t\t<\/div>\n\t\t\t\t\t<\/div>\n\t\t<\/section>\n\t\t\t\t<section class=\"elementor-section elementor-top-section elementor-element elementor-element-60ee96b4 elementor-section-boxed elementor-section-height-default elementor-section-height-default\" data-id=\"60ee96b4\" data-element_type=\"section\" data-e-type=\"section\">\n\t\t\t\t\t\t<div class=\"elementor-container elementor-column-gap-default\">\n\t\t\t\t\t<div class=\"elementor-column elementor-col-100 elementor-top-column elementor-element elementor-element-9e1a39f\" data-id=\"9e1a39f\" data-element_type=\"column\" data-e-type=\"column\">\n\t\t\t<div class=\"elementor-widget-wrap elementor-element-populated\">\n\t\t\t\t\t\t<div class=\"elementor-element elementor-element-443fa8e8 elementor-widget elementor-widget-text-editor\" data-id=\"443fa8e8\" data-element_type=\"widget\" data-e-type=\"widget\" data-widget_type=\"text-editor.default\">\n\t\t\t\t<div class=\"elementor-widget-container\">\n\t\t\t\t\t\t\t\t\t<p><strong>LE PERSONNAGE <br \/><\/strong><\/p><p><span id=\"page8R_mcid0\" class=\"markedContent\"><\/span><span id=\"page8R_mcid1\" class=\"markedContent\"><span dir=\"ltr\" role=\"presentation\">A l&rsquo;aube du XX\u00e8me si\u00e8cle, danseuse et courtisane, Liane de Pougy, est une des <\/span><\/span><span id=\"page8R_mcid2\" class=\"markedContent\"><span dir=\"ltr\" role=\"presentation\">Reines de Paris. \u00c9duqu\u00e9e chez les soeurs, \u00ab mal mari\u00e9e \u00bb, elle finit par quitter son <\/span><\/span><span id=\"page8R_mcid3\" class=\"markedContent\"><span dir=\"ltr\" role=\"presentation\">foyer, divorce et monte \u00e0 Paris. Se hissant rapidement en haut de la hi\u00e9rarchie des <\/span><\/span><span id=\"page8R_mcid4\" class=\"markedContent\"><span dir=\"ltr\" role=\"presentation\">Grandes<\/span> <span dir=\"ltr\" role=\"presentation\">Horizontales,<\/span> <span dir=\"ltr\" role=\"presentation\">elle<\/span> <span dir=\"ltr\" role=\"presentation\">g\u00e8re<\/span> <span dir=\"ltr\" role=\"presentation\">sa<\/span> <span dir=\"ltr\" role=\"presentation\">tumultueuse<\/span> <span dir=\"ltr\" role=\"presentation\">carri\u00e8re<\/span> <span dir=\"ltr\" role=\"presentation\">galante<\/span> <span dir=\"ltr\" role=\"presentation\">en<\/span> <span dir=\"ltr\" role=\"presentation\">femme <\/span><\/span><span id=\"page8R_mcid5\" class=\"markedContent\"><span dir=\"ltr\" role=\"presentation\">d&rsquo;affaires et se r\u00e9v\u00e8le un v\u00e9ritable g\u00e9nie de la communication. <\/span><\/span><span id=\"page8R_mcid6\" class=\"markedContent\"><span dir=\"ltr\" role=\"presentation\">F\u00e9ministe avant l&rsquo;heure, elle cr\u00e9e un journal pour ses cons\u0153urs et se r\u00e9alise dans <\/span><\/span><span id=\"page8R_mcid7\" class=\"markedContent\"><span dir=\"ltr\" role=\"presentation\">la litt\u00e9rature \u00e9rotique, devenant une femme de lettres insolite. <\/span><\/span><span id=\"page8R_mcid8\" class=\"markedContent\"><span dir=\"ltr\" role=\"presentation\">Sa bisexualit\u00e9 tapageuse suscite attraction, fascination et m\u00e9pris. Dans une soci\u00e9t\u00e9 <\/span><\/span><span id=\"page8R_mcid9\" class=\"markedContent\"><span dir=\"ltr\" role=\"presentation\">enti\u00e8rement<\/span> <span dir=\"ltr\" role=\"presentation\">corset\u00e9e<\/span> <span dir=\"ltr\" role=\"presentation\">par<\/span> <span dir=\"ltr\" role=\"presentation\">les<\/span> <span dir=\"ltr\" role=\"presentation\">hommes,<\/span> <span dir=\"ltr\" role=\"presentation\">elle<\/span> <span dir=\"ltr\" role=\"presentation\">affirme<\/span> <span dir=\"ltr\" role=\"presentation\">une<\/span> <span dir=\"ltr\" role=\"presentation\">vie<\/span> <span dir=\"ltr\" role=\"presentation\">o\u00f9<\/span> <span dir=\"ltr\" role=\"presentation\">volupt\u00e9<\/span> <span dir=\"ltr\" role=\"presentation\">et <\/span><\/span><span id=\"page8R_mcid10\" class=\"markedContent\"><span dir=\"ltr\" role=\"presentation\">c\u00e9r\u00e9bralit\u00e9 font parfaitement bon m\u00e9nage&#8230; <\/span><\/span><span id=\"page8R_mcid11\" class=\"markedContent\"><span dir=\"ltr\" role=\"presentation\">Devenue princesse Ghika mais rong\u00e9e par ses d\u00e9mons, elle est rattrap\u00e9e par la <\/span><\/span><span id=\"page8R_mcid12\" class=\"markedContent\"><span dir=\"ltr\" role=\"presentation\">spiritualit\u00e9. Elle consacrera les derni\u00e8res ann\u00e9es de sa vie \u00e0 aider d&rsquo;autres femmes, <\/span><\/span><span id=\"page8R_mcid13\" class=\"markedContent\"><span dir=\"ltr\" role=\"presentation\">malades mentales d&rsquo;un institut religieux. <\/span><\/span><span id=\"page8R_mcid14\" class=\"markedContent\"><span dir=\"ltr\" role=\"presentation\">Elle meurt \u00e0 Lausanne en 1950 Soeur Anne- Marie-Madeleine de la P\u00e9nitence&#8230;<\/span><\/span><\/p>\t\t\t\t\t\t\t\t<\/div>\n\t\t\t\t<\/div>\n\t\t\t\t\t<\/div>\n\t\t<\/div>\n\t\t\t\t\t<\/div>\n\t\t<\/section>\n\t\t\t\t<section class=\"elementor-section elementor-top-section elementor-element elementor-element-733c4b83 elementor-section-boxed elementor-section-height-default elementor-section-height-default\" data-id=\"733c4b83\" data-element_type=\"section\" data-e-type=\"section\">\n\t\t\t\t\t\t<div class=\"elementor-container elementor-column-gap-default\">\n\t\t\t\t\t<div class=\"elementor-column elementor-col-100 elementor-top-column elementor-element elementor-element-63f32b6c\" data-id=\"63f32b6c\" data-element_type=\"column\" data-e-type=\"column\">\n\t\t\t<div class=\"elementor-widget-wrap elementor-element-populated\">\n\t\t\t\t\t\t<div class=\"elementor-element elementor-element-68879268 elementor-widget elementor-widget-text-editor\" data-id=\"68879268\" data-element_type=\"widget\" data-e-type=\"widget\" data-widget_type=\"text-editor.default\">\n\t\t\t\t<div class=\"elementor-widget-container\">\n\t\t\t\t\t\t\t\t\t<p>NOTE<strong> D&rsquo;INTENTION<\/strong><\/p><p>\u00a0\u00bb <em>Quand Sophie Tellier m\u2019a propos\u00e9 de faire la mise en sc\u00e8ne de son texte, j\u2019ai d\u2019abord \u00e9t\u00e9 intrigu\u00e9. Je connaissais bien \u00e9videmment la magnifique com\u00e9dienne, mais pas l\u2019autrice. Elle avait par ailleurs choisi un sujet jamais trait\u00e9 au th\u00e9\u00e2tre, puisqu\u2019il s\u2019agissait de la vie de Liane de Pougy. J\u2019ai toujours aim\u00e9 ces personnages de \u00ab grandes allong\u00e9es \u00bb &#8211; je connaissais bien la vie de la belle Ot\u00e9ro &#8211; , mais peu Liane de Pougy. Son parcours joliment \u00e9voqu\u00e9 et le fait que le spectacle soit aussi musical, travers\u00e9 par des chansons tendres ou coquines, ont achev\u00e9 de me convaincre de faire partie de l\u2019aventure. (&#8230;) Mais tout son g\u00e9nie, \u00e0 l\u2019\u00e9poque o\u00f9 les femmes devaient lutter pour exister, ne consistait-il pas justement \u00e0 utiliser ses charmes et les hommes (ou les femmes) pour asseoir une certaine forme de libert\u00e9 ?<\/em><br \/><em>C\u2019est donc ce chemin de lutte, d\u2019espoir et de d\u00e9sillusion, jusqu\u2019\u00e0 sa fin de vie surprenante d\u00e9vou\u00e9e \u00e0 Dieu, que je vais tenter de mettre en lumi\u00e8re. Au plateau, Sophie incarnera Liane. A ses c\u00f4t\u00e9s, un pianiste\/com\u00e9dien prot\u00e9iforme qui l\u2019accompagnera musicalement,mais qui assurera aussi des parties de com\u00e9die. Le spectacle devra \u00eatre l\u00e9ger et rebelle, \u00e0 l\u2019image de Liane, donnant \u00e0 voir toutes les facettes du personnage. Quelques costumes fastueux, des accessoires n\u00e9cessaires et un habillage de lumi\u00e8res subtiles formeront l\u2019\u00e9crin de la repr\u00e9sentation<\/em>.\u00a0\u00bb<\/p><p><strong>JEAN-LUC REVOL<\/strong><\/p><p>\u00a0<\/p>\t\t\t\t\t\t\t\t<\/div>\n\t\t\t\t<\/div>\n\t\t\t\t\t<\/div>\n\t\t<\/div>\n\t\t\t\t\t<\/div>\n\t\t<\/section>\n\t\t\t\t<section class=\"elementor-section elementor-top-section elementor-element elementor-element-cda89d0 elementor-section-boxed elementor-section-height-default elementor-section-height-default\" data-id=\"cda89d0\" data-element_type=\"section\" data-e-type=\"section\">\n\t\t\t\t\t\t<div class=\"elementor-container elementor-column-gap-default\">\n\t\t\t\t\t<div class=\"elementor-column elementor-col-100 elementor-top-column elementor-element elementor-element-d8ac607\" data-id=\"d8ac607\" data-element_type=\"column\" data-e-type=\"column\">\n\t\t\t<div class=\"elementor-widget-wrap elementor-element-populated\">\n\t\t\t\t\t\t<div class=\"elementor-element elementor-element-07d3550 elementor-widget elementor-widget-image\" data-id=\"07d3550\" data-element_type=\"widget\" data-e-type=\"widget\" data-widget_type=\"image.default\">\n\t\t\t\t<div class=\"elementor-widget-container\">\n\t\t\t\t\t\t\t\t\t\t\t\t\t\t\t<img decoding=\"async\" width=\"584\" height=\"390\" src=\"https:\/\/www.happeningcreation.com\/wp-content\/uploads\/chere-insaisissable-photo-internet-1024x684.jpg\" class=\"attachment-large size-large wp-image-4096\" alt=\"\" srcset=\"https:\/\/www.happeningcreation.com\/wp-content\/uploads\/chere-insaisissable-photo-internet-1024x684.jpg 1024w, https:\/\/www.happeningcreation.com\/wp-content\/uploads\/chere-insaisissable-photo-internet-300x200.jpg 300w, https:\/\/www.happeningcreation.com\/wp-content\/uploads\/chere-insaisissable-photo-internet-768x513.jpg 768w, https:\/\/www.happeningcreation.com\/wp-content\/uploads\/chere-insaisissable-photo-internet-1536x1025.jpg 1536w, https:\/\/www.happeningcreation.com\/wp-content\/uploads\/chere-insaisissable-photo-internet-2048x1367.jpg 2048w, https:\/\/www.happeningcreation.com\/wp-content\/uploads\/chere-insaisissable-photo-internet-449x300.jpg 449w\" sizes=\"(max-width: 584px) 100vw, 584px\" \/>\t\t\t\t\t\t\t\t\t\t\t\t\t\t\t<\/div>\n\t\t\t\t<\/div>\n\t\t\t\t\t<\/div>\n\t\t<\/div>\n\t\t\t\t\t<\/div>\n\t\t<\/section>\n\t\t\t\t<section class=\"elementor-section elementor-top-section elementor-element elementor-element-b733c7b elementor-section-boxed elementor-section-height-default elementor-section-height-default\" data-id=\"b733c7b\" data-element_type=\"section\" data-e-type=\"section\">\n\t\t\t\t\t\t<div class=\"elementor-container elementor-column-gap-default\">\n\t\t\t\t\t<div class=\"elementor-column elementor-col-100 elementor-top-column elementor-element elementor-element-472892d1\" data-id=\"472892d1\" data-element_type=\"column\" data-e-type=\"column\">\n\t\t\t<div class=\"elementor-widget-wrap elementor-element-populated\">\n\t\t\t\t\t\t<div class=\"elementor-element elementor-element-1bb6d664 elementor-widget elementor-widget-text-editor\" data-id=\"1bb6d664\" data-element_type=\"widget\" data-e-type=\"widget\" data-widget_type=\"text-editor.default\">\n\t\t\t\t<div class=\"elementor-widget-container\">\n\t\t\t\t\t\t\t\t\t<p><strong>LA PRESSE<\/strong><\/p><p><strong>Paris Frivole<\/strong> : \u00a0\u00bb <em>On a ador\u00e9 \u00ab Ch\u00e8re Insaisissable, Liane de Pougy \u00bb, la plume est impertinente, la narration pleine de vie, de d\u00e9licatesse et d\u2019\u00e9loquence<\/em>. \u00ab\u00a0<\/p><p><strong>\u00a0La Provence <\/strong>: \u00a0\u00bb <i>Sophie Tellier interpr\u00e8te avec beaucoup de gr\u00e2ce son personnage au destin \u00e0 la fois \u00e9tincelant et peu enviable. Non contente d\u2019incarner Liane de Pougy, elle chante aussi de fa\u00e7on d\u00e9licieuse, accompagn\u00e9e d\u2019un pianiste<\/i>. <strong>\u00ab\u00a0. \u00a0<\/strong><\/p><p><strong>France Bleu <\/strong>: \u00a0\u00bb <i>C&rsquo;est un petit bijou mis en sc\u00e8ne par Jean-Luc Revol \u00a0(&#8230;) C&rsquo;est un spectacle tr\u00e8s intelligent, absolument merveilleux ! <\/i>\u00ab\u00a0<strong>.\u00a0<\/strong><\/p><p><strong>Tatouvu <\/strong>: \u00a0\u00bb <i>Sophie Tellier joue \u00e0 merveille son r\u00f4le, aussi bien dans l&rsquo;humour que dans les moments plus dramatiques. Patrick Laviosa, qui l&rsquo;accompagne au piano, sait lui aussi se fondre parfaitement dans cette biographie cont\u00e9e<\/i>. \u00ab\u00a0<\/p><p><em><strong>Sur les planches<\/strong><\/em> : \u00a0\u00bb <em>Sophie Tellier, avec d\u00e9licatesse et sensibilit\u00e9, incarne cette femme libre, en avance sur son temps. Empruntant le r\u00e9pertoire de Reynaldo Hahn, Erik Satie, Boris Vian, Jean Ferrat, Barbara ou encore Gainsbourg et bien d\u2019autres\u2026Sophie Tellier ponctue son r\u00e9cit de ces respirations musicales qui illustrent son propos. La magnifique performance de Sophie Tellier accompagn\u00e9e par son complice Patrick Laviosa, au piano, nous fait revivre la vie tumultueuse de cette femme liane<\/em>.\u00a0\u00bb<\/p><p><strong>Nava<\/strong> : \u00a0\u00bb <em>Un spectacle d\u00e9licieux, de fi\u00e8vre et d&rsquo;humour m\u00eal\u00e9s, qui tient de la confession de cabaret, qui enchante, \u00e9meut,enthousiasme.<\/em><br \/><em>Sans doute pour cette \u00e9dition du festival, ce que l\u2019on verra de plus \u00e9l\u00e9gant et de plus indiscutablement populaire<\/em>. \u00ab\u00a0<\/p>\t\t\t\t\t\t\t\t<\/div>\n\t\t\t\t<\/div>\n\t\t\t\t\t<\/div>\n\t\t<\/div>\n\t\t\t\t\t<\/div>\n\t\t<\/section>\n\t\t\t\t<section class=\"elementor-section elementor-top-section elementor-element elementor-element-6895e7e elementor-section-boxed elementor-section-height-default elementor-section-height-default\" data-id=\"6895e7e\" data-element_type=\"section\" data-e-type=\"section\">\n\t\t\t\t\t\t<div class=\"elementor-container elementor-column-gap-default\">\n\t\t\t\t\t<div class=\"elementor-column elementor-col-100 elementor-top-column elementor-element elementor-element-cacb258\" data-id=\"cacb258\" data-element_type=\"column\" data-e-type=\"column\">\n\t\t\t<div class=\"elementor-widget-wrap elementor-element-populated\">\n\t\t\t\t\t\t<div class=\"elementor-element elementor-element-6224779 elementor-widget elementor-widget-image\" data-id=\"6224779\" data-element_type=\"widget\" data-e-type=\"widget\" data-widget_type=\"image.default\">\n\t\t\t\t<div class=\"elementor-widget-container\">\n\t\t\t\t\t\t\t\t\t\t\t\t\t\t\t\t<a href=\"https:\/\/vimeo.com\/844184530\/a83d8cf6ef?share=copy\" target=\"_blank\">\n\t\t\t\t\t\t\t<img decoding=\"async\" width=\"584\" height=\"327\" src=\"https:\/\/www.happeningcreation.com\/wp-content\/uploads\/Capture-decran-2023-10-10-111653.png\" class=\"attachment-large size-large wp-image-4370\" alt=\"\" srcset=\"https:\/\/www.happeningcreation.com\/wp-content\/uploads\/Capture-decran-2023-10-10-111653.png 786w, https:\/\/www.happeningcreation.com\/wp-content\/uploads\/Capture-decran-2023-10-10-111653-300x168.png 300w, https:\/\/www.happeningcreation.com\/wp-content\/uploads\/Capture-decran-2023-10-10-111653-768x430.png 768w, https:\/\/www.happeningcreation.com\/wp-content\/uploads\/Capture-decran-2023-10-10-111653-500x280.png 500w\" sizes=\"(max-width: 584px) 100vw, 584px\" \/>\t\t\t\t\t\t\t\t<\/a>\n\t\t\t\t\t\t\t\t\t\t\t\t\t\t\t<\/div>\n\t\t\t\t<\/div>\n\t\t\t\t\t<\/div>\n\t\t<\/div>\n\t\t\t\t\t<\/div>\n\t\t<\/section>\n\t\t\t\t<section class=\"elementor-section elementor-top-section elementor-element elementor-element-b7a87b7 elementor-section-boxed elementor-section-height-default elementor-section-height-default\" data-id=\"b7a87b7\" data-element_type=\"section\" data-e-type=\"section\">\n\t\t\t\t\t\t<div class=\"elementor-container elementor-column-gap-default\">\n\t\t\t\t\t<div class=\"elementor-column elementor-col-100 elementor-top-column elementor-element elementor-element-862880d\" data-id=\"862880d\" data-element_type=\"column\" data-e-type=\"column\">\n\t\t\t<div class=\"elementor-widget-wrap elementor-element-populated\">\n\t\t\t\t\t\t<div class=\"elementor-element elementor-element-547045c elementor-align-center elementor-widget elementor-widget-button\" data-id=\"547045c\" data-element_type=\"widget\" data-e-type=\"widget\" data-widget_type=\"button.default\">\n\t\t\t\t<div class=\"elementor-widget-container\">\n\t\t\t\t\t\t\t\t\t<div class=\"elementor-button-wrapper\">\n\t\t\t\t\t<a class=\"elementor-button elementor-button-link elementor-size-sm\" href=\"https:\/\/www.happeningcreation.com\/wp-content\/uploads\/DP-CHERE-INSAISISSABLE-AVI-23.pdf\" target=\"_blank\">\n\t\t\t\t\t\t<span class=\"elementor-button-content-wrapper\">\n\t\t\t\t\t\t\t\t\t<span class=\"elementor-button-text\">DOSSIER DE PRESENTATION<\/span>\n\t\t\t\t\t<\/span>\n\t\t\t\t\t<\/a>\n\t\t\t\t<\/div>\n\t\t\t\t\t\t\t\t<\/div>\n\t\t\t\t<\/div>\n\t\t\t\t\t<\/div>\n\t\t<\/div>\n\t\t\t\t\t<\/div>\n\t\t<\/section>\n\t\t\t\t<section class=\"elementor-section elementor-top-section elementor-element elementor-element-9c1f677 elementor-section-boxed elementor-section-height-default elementor-section-height-default\" data-id=\"9c1f677\" data-element_type=\"section\" data-e-type=\"section\">\n\t\t\t\t\t\t<div class=\"elementor-container elementor-column-gap-default\">\n\t\t\t\t\t<div class=\"elementor-column elementor-col-100 elementor-top-column elementor-element elementor-element-93c1e92\" data-id=\"93c1e92\" data-element_type=\"column\" data-e-type=\"column\">\n\t\t\t<div class=\"elementor-widget-wrap elementor-element-populated\">\n\t\t\t\t\t\t<div class=\"elementor-element elementor-element-bb9b889 elementor-widget elementor-widget-text-editor\" data-id=\"bb9b889\" data-element_type=\"widget\" data-e-type=\"widget\" data-widget_type=\"text-editor.default\">\n\t\t\t\t<div class=\"elementor-widget-container\">\n\t\t\t\t\t\t\t\t\t<p><a href=\"https:\/\/www.happeningcreation.com\/wp-content\/uploads\/Sur-les-planches-Chere-insaisissable.pdf\" target=\"_blank\" rel=\"noopener\">Critique Sur les planches<\/a><\/p><p><a href=\"https:\/\/www.happeningcreation.com\/wp-content\/uploads\/ChereinsaisissableFranceBleu.pdf\">Critique France Bleu<\/a><\/p><p><a href=\"https:\/\/www.happeningcreation.com\/wp-content\/uploads\/ChereinsaisissableLAPROVENCE.pdf\">Critique La Provence<\/a><\/p><p><a href=\"https:\/\/www.happeningcreation.com\/wp-content\/uploads\/ChereinsaisissableTATOUVU.pdf\">Critique Tatouvu<\/a><\/p>\t\t\t\t\t\t\t\t<\/div>\n\t\t\t\t<\/div>\n\t\t\t\t\t<\/div>\n\t\t<\/div>\n\t\t\t\t\t<\/div>\n\t\t<\/section>\n\t\t\t\t<\/div>\n\t\t","protected":false},"excerpt":{"rendered":"<p>DU 1er MAI au 30 JUIN 2024 AU TH\u00c9\u00c2TRE LUCERNAIRE, du mercredi au samedi \u00e0 21h, \u00e0 17h30 le dimanche.\u00a0 UNE PI\u00c8CE DE SOPHIE TELLIER MISE EN SC\u00c8NE DE JEAN-LUC REVOL AVEC : SOPHIE TELLIER ET LUC-EMMANUEL BETTON ou DJAHIZ &hellip; <a href=\"https:\/\/www.happeningcreation.com\/?page_id=4107\">Continuer la lecture <span class=\"meta-nav\">&rarr;<\/span><\/a><\/p>\n","protected":false},"author":1,"featured_media":0,"parent":0,"menu_order":0,"comment_status":"closed","ping_status":"closed","template":"","meta":{"om_disable_all_campaigns":false,"_exactmetrics_skip_tracking":false,"_exactmetrics_sitenote_active":false,"_exactmetrics_sitenote_note":"","_exactmetrics_sitenote_category":0,"_monsterinsights_skip_tracking":false,"_monsterinsights_sitenote_active":false,"_monsterinsights_sitenote_note":"","_monsterinsights_sitenote_category":0,"footnotes":""},"class_list":["post-4107","page","type-page","status-publish","hentry"],"aioseo_notices":[],"_links":{"self":[{"href":"https:\/\/www.happeningcreation.com\/index.php?rest_route=\/wp\/v2\/pages\/4107","targetHints":{"allow":["GET"]}}],"collection":[{"href":"https:\/\/www.happeningcreation.com\/index.php?rest_route=\/wp\/v2\/pages"}],"about":[{"href":"https:\/\/www.happeningcreation.com\/index.php?rest_route=\/wp\/v2\/types\/page"}],"author":[{"embeddable":true,"href":"https:\/\/www.happeningcreation.com\/index.php?rest_route=\/wp\/v2\/users\/1"}],"replies":[{"embeddable":true,"href":"https:\/\/www.happeningcreation.com\/index.php?rest_route=%2Fwp%2Fv2%2Fcomments&post=4107"}],"version-history":[{"count":63,"href":"https:\/\/www.happeningcreation.com\/index.php?rest_route=\/wp\/v2\/pages\/4107\/revisions"}],"predecessor-version":[{"id":4398,"href":"https:\/\/www.happeningcreation.com\/index.php?rest_route=\/wp\/v2\/pages\/4107\/revisions\/4398"}],"wp:attachment":[{"href":"https:\/\/www.happeningcreation.com\/index.php?rest_route=%2Fwp%2Fv2%2Fmedia&parent=4107"}],"curies":[{"name":"wp","href":"https:\/\/api.w.org\/{rel}","templated":true}]}}