{"id":4510,"date":"2024-11-16T05:27:12","date_gmt":"2024-11-16T15:57:12","guid":{"rendered":"https:\/\/www.happeningcreation.com\/?page_id=4510"},"modified":"2025-12-04T21:30:52","modified_gmt":"2025-12-05T08:00:52","slug":"elementor-4510","status":"publish","type":"page","link":"https:\/\/www.happeningcreation.com\/?page_id=4510","title":{"rendered":""},"content":{"rendered":"\t\t<div data-elementor-type=\"wp-page\" data-elementor-id=\"4510\" class=\"elementor elementor-4510\" data-elementor-post-type=\"page\">\n\t\t\t\t\t\t<section class=\"elementor-section elementor-top-section elementor-element elementor-element-4876352 elementor-section-boxed elementor-section-height-default elementor-section-height-default\" data-id=\"4876352\" data-element_type=\"section\" data-e-type=\"section\">\n\t\t\t\t\t\t<div class=\"elementor-container elementor-column-gap-default\">\n\t\t\t\t\t<div class=\"elementor-column elementor-col-50 elementor-top-column elementor-element elementor-element-40ec142\" data-id=\"40ec142\" data-element_type=\"column\" data-e-type=\"column\">\n\t\t\t<div class=\"elementor-widget-wrap elementor-element-populated\">\n\t\t\t\t\t\t<div class=\"elementor-element elementor-element-901ac9e elementor-widget elementor-widget-image\" data-id=\"901ac9e\" data-element_type=\"widget\" data-e-type=\"widget\" data-widget_type=\"image.default\">\n\t\t\t\t<div class=\"elementor-widget-container\">\n\t\t\t\t\t\t\t\t\t\t\t\t\t\t\t<img fetchpriority=\"high\" decoding=\"async\" width=\"584\" height=\"842\" src=\"https:\/\/www.happeningcreation.com\/wp-content\/uploads\/affiche-Cabaret-Grimm-bd-site.jpg\" class=\"attachment-large size-large wp-image-4512\" alt=\"\" srcset=\"https:\/\/www.happeningcreation.com\/wp-content\/uploads\/affiche-Cabaret-Grimm-bd-site.jpg 700w, https:\/\/www.happeningcreation.com\/wp-content\/uploads\/affiche-Cabaret-Grimm-bd-site-208x300.jpg 208w\" sizes=\"(max-width: 584px) 100vw, 584px\" \/>\t\t\t\t\t\t\t\t\t\t\t\t\t\t\t<\/div>\n\t\t\t\t<\/div>\n\t\t\t\t\t<\/div>\n\t\t<\/div>\n\t\t\t\t<div class=\"elementor-column elementor-col-50 elementor-top-column elementor-element elementor-element-50d5662\" data-id=\"50d5662\" data-element_type=\"column\" data-e-type=\"column\">\n\t\t\t<div class=\"elementor-widget-wrap elementor-element-populated\">\n\t\t\t\t\t\t<div class=\"elementor-element elementor-element-f911a3e elementor-widget elementor-widget-text-editor\" data-id=\"f911a3e\" data-element_type=\"widget\" data-e-type=\"widget\" data-widget_type=\"text-editor.default\">\n\t\t\t\t<div class=\"elementor-widget-container\">\n\t\t\t\t\t\t\t\t\t<p>Adaptation et mise en sc\u00e8ne : Ned Grujic<br \/>d\u2019apr\u00e8s les \u0153uvres collect\u00e9s de J. &amp; W. Grimm, \u00e9dit\u00e9s et traduits par Natacha Rimasson-Fertin<\/p><p>Avec\u00a0: S\u00e9bastien Bergery, Fr\u00e9d\u00e9ric Chevaux, St\u00e9phanie Gagneux, David Jonqui\u00e8res et Marielle Tognazzoni.<\/p><p>Musiques : Ariane Cadier &#8211; Musiques additionnelles : Marielle Tognazzoni &#8211; Costumes : Karine Delaunay &#8211; Coiffure, Maquillage : Solange Beauvino &#8211; D\u00e9cors : Fabrice Otti\u00e9<\/p><p>Chef constructeur : Elodie Grimal &#8211; Peintre : KTU &#8211; Marionnettes : Sonia Toporowski &#8211; Effets Magiques : S\u00e9bastien Mossi\u00e8re -Sculpteurs : Fr\u00e9d\u00e9ric Beaudouin<\/p><p>Affiche : Serge Pell\u00e9<\/p><p>Cr\u00e9ation lumi\u00e8re : V\u00e9ronique Guidevaux<\/p>\t\t\t\t\t\t\t\t<\/div>\n\t\t\t\t<\/div>\n\t\t\t\t\t<\/div>\n\t\t<\/div>\n\t\t\t\t\t<\/div>\n\t\t<\/section>\n\t\t\t\t<section class=\"elementor-section elementor-top-section elementor-element elementor-element-5e93abf elementor-section-boxed elementor-section-height-default elementor-section-height-default\" data-id=\"5e93abf\" data-element_type=\"section\" data-e-type=\"section\">\n\t\t\t\t\t\t<div class=\"elementor-container elementor-column-gap-default\">\n\t\t\t\t\t<div class=\"elementor-column elementor-col-100 elementor-top-column elementor-element elementor-element-fd56f2b\" data-id=\"fd56f2b\" data-element_type=\"column\" data-e-type=\"column\">\n\t\t\t<div class=\"elementor-widget-wrap elementor-element-populated\">\n\t\t\t\t\t\t\t<\/div>\n\t\t<\/div>\n\t\t\t\t\t<\/div>\n\t\t<\/section>\n\t\t\t\t<section class=\"elementor-section elementor-top-section elementor-element elementor-element-00a07fa elementor-section-boxed elementor-section-height-default elementor-section-height-default\" data-id=\"00a07fa\" data-element_type=\"section\" data-e-type=\"section\">\n\t\t\t\t\t\t<div class=\"elementor-container elementor-column-gap-default\">\n\t\t\t\t\t<div class=\"elementor-column elementor-col-100 elementor-top-column elementor-element elementor-element-0c7a097\" data-id=\"0c7a097\" data-element_type=\"column\" data-e-type=\"column\">\n\t\t\t<div class=\"elementor-widget-wrap elementor-element-populated\">\n\t\t\t\t\t\t<div class=\"elementor-element elementor-element-43226cd elementor-widget elementor-widget-text-editor\" data-id=\"43226cd\" data-element_type=\"widget\" data-e-type=\"widget\" data-widget_type=\"text-editor.default\">\n\t\t\t\t<div class=\"elementor-widget-container\">\n\t\t\t\t\t\t\t\t\t<p>Qui ne conna\u00eet les contes des fr\u00e8res Grimm ? Depuis des si\u00e8cles, ils nous accompagnent de la plus tendre enfance \u00e0 l\u2019\u00e2ge adulte, convoquant en nous diverses sensations : \u00e9merveillement, inqui\u00e9tude, fascination, nostalgie\u2026<\/p><p>Ces histoires m\u2019attirent depuis longtemps et je n\u2019ai cess\u00e9 de les relire en pensant qu\u2019elles s\u2019inscrivaient parfaitement dans mon univers th\u00e9\u00e2tral. Il m\u2019a sembl\u00e9 important de proposer \u00e0 nouveau ce projet pour faire r\u00e9entendre ces contes dans leur authenticit\u00e9 et leur force premi\u00e8re, loin des adaptations cin\u00e9matographiques ou t\u00e9l\u00e9visuelles souvent simplistes dont la tendance est de rendre consensuelle une \u0153uvre qui est bien loin de l\u2019\u00eatre !<\/p><p>L\u2019ambition de cette reprise est donc d\u2019affiner cet objet sc\u00e9nique et f\u00e9erique pour l\u2019emmener plus loin dans la transmission et le faire d\u00e9couvrir \u00e0 de nouvelles g\u00e9n\u00e9rations.<\/p><p>Le spectacle met en sc\u00e8ne un conteur-bonimenteur sur les places publiques se d\u00e9pla\u00e7ant avec sa troupe de com\u00e9diens, musiciens et circassiens pour colporter les contes glan\u00e9s ici et l\u00e0. Sur la sc\u00e8ne d\u2019un Th\u00e9\u00e2tre-Roulotte, un floril\u00e8ge de contes d\u00e9file devant les yeux des spectateurs en une succession de num\u00e9ros vari\u00e9s dans l\u2019esprit du Cabaret.<\/p><p>Cont\u00e9s, th\u00e9\u00e2tralis\u00e9s, chant\u00e9s, parfois narr\u00e9s sous forme d\u2019anecdotes, parfois jou\u00e9s avec des marionnettes, tant\u00f4t interpr\u00e9t\u00e9s sous forme de com\u00e9die musicale ou dans une forme circassienne, tant\u00f4t en pantomime ou simplement comme une courte pi\u00e8ce de th\u00e9\u00e2tre, les enfants que nous sommes tous red\u00e9couvrent \u00ab Blanche-Neige \u00bb, \u00ab Le Chaperon Rouge \u00bb, \u00ab Le Vaillant petit tailleur \u00bb dans leur \u00e9criture originelle et d\u00e9couvrent d\u2019autres contes plus m\u00e9connus comme \u00ab Le Roi Grenouille \u00bb\u2026<\/p><p>Cr\u00e9er la surprise et l\u2019\u00e9merveillement, susciter des interrogations, revenir aux sources du th\u00e9\u00e2tre et de l\u2019imaginaire fait de bric-\u00e0-brac po\u00e9tique, plonger dans ces livres d\u2019images d un autre temps qui nous parlent plus que jamais d\u2019aujourd\u2019hui, telle est l\u2019ambition de ce cabaret Grimm r\u00e9invent\u00e9\u2026<\/p><p>NED GRUJIC<\/p>\t\t\t\t\t\t\t\t<\/div>\n\t\t\t\t<\/div>\n\t\t\t\t\t<\/div>\n\t\t<\/div>\n\t\t\t\t\t<\/div>\n\t\t<\/section>\n\t\t\t\t<section class=\"elementor-section elementor-top-section elementor-element elementor-element-fea7b5f elementor-section-boxed elementor-section-height-default elementor-section-height-default\" data-id=\"fea7b5f\" data-element_type=\"section\" data-e-type=\"section\">\n\t\t\t\t\t\t<div class=\"elementor-container elementor-column-gap-default\">\n\t\t\t\t\t<div class=\"elementor-column elementor-col-100 elementor-top-column elementor-element elementor-element-50ae435\" data-id=\"50ae435\" data-element_type=\"column\" data-e-type=\"column\">\n\t\t\t<div class=\"elementor-widget-wrap elementor-element-populated\">\n\t\t\t\t\t\t<div class=\"elementor-element elementor-element-b6cf46b elementor-align-center elementor-widget elementor-widget-button\" data-id=\"b6cf46b\" data-element_type=\"widget\" data-e-type=\"widget\" data-widget_type=\"button.default\">\n\t\t\t\t<div class=\"elementor-widget-container\">\n\t\t\t\t\t\t\t\t\t<div class=\"elementor-button-wrapper\">\n\t\t\t\t\t<a class=\"elementor-button elementor-button-link elementor-size-md\" href=\"https:\/\/drive.google.com\/file\/d\/1wXUEKUS6c9QAy0qiXgdLG-eLT97XUpCB\/view?usp=sharing\" target=\"_blank\">\n\t\t\t\t\t\t<span class=\"elementor-button-content-wrapper\">\n\t\t\t\t\t\t\t\t\t<span class=\"elementor-button-text\">LIEN CAPTATION<\/span>\n\t\t\t\t\t<\/span>\n\t\t\t\t\t<\/a>\n\t\t\t\t<\/div>\n\t\t\t\t\t\t\t\t<\/div>\n\t\t\t\t<\/div>\n\t\t\t\t\t<\/div>\n\t\t<\/div>\n\t\t\t\t\t<\/div>\n\t\t<\/section>\n\t\t\t\t<section class=\"elementor-section elementor-top-section elementor-element elementor-element-0023482 elementor-section-boxed elementor-section-height-default elementor-section-height-default\" data-id=\"0023482\" data-element_type=\"section\" data-e-type=\"section\">\n\t\t\t\t\t\t<div class=\"elementor-container elementor-column-gap-default\">\n\t\t\t\t\t<div class=\"elementor-column elementor-col-25 elementor-top-column elementor-element elementor-element-78a811b\" data-id=\"78a811b\" data-element_type=\"column\" data-e-type=\"column\">\n\t\t\t<div class=\"elementor-widget-wrap elementor-element-populated\">\n\t\t\t\t\t\t<div class=\"elementor-element elementor-element-001c25d elementor-widget elementor-widget-image\" data-id=\"001c25d\" data-element_type=\"widget\" data-e-type=\"widget\" data-widget_type=\"image.default\">\n\t\t\t\t<div class=\"elementor-widget-container\">\n\t\t\t\t\t\t\t\t\t\t\t\t\t\t\t<img decoding=\"async\" width=\"584\" height=\"874\" src=\"https:\/\/www.happeningcreation.com\/wp-content\/uploads\/Cabaret-Grimm-BD-20-684x1024.jpg\" class=\"attachment-large size-large wp-image-4524\" alt=\"\" srcset=\"https:\/\/www.happeningcreation.com\/wp-content\/uploads\/Cabaret-Grimm-BD-20-684x1024.jpg 684w, https:\/\/www.happeningcreation.com\/wp-content\/uploads\/Cabaret-Grimm-BD-20-200x300.jpg 200w, https:\/\/www.happeningcreation.com\/wp-content\/uploads\/Cabaret-Grimm-BD-20-768x1151.jpg 768w, https:\/\/www.happeningcreation.com\/wp-content\/uploads\/Cabaret-Grimm-BD-20-1025x1536.jpg 1025w, https:\/\/www.happeningcreation.com\/wp-content\/uploads\/Cabaret-Grimm-BD-20-1367x2048.jpg 1367w, https:\/\/www.happeningcreation.com\/wp-content\/uploads\/Cabaret-Grimm-BD-20-scaled.jpg 1709w\" sizes=\"(max-width: 584px) 100vw, 584px\" \/>\t\t\t\t\t\t\t\t\t\t\t\t\t\t\t<\/div>\n\t\t\t\t<\/div>\n\t\t\t\t\t<\/div>\n\t\t<\/div>\n\t\t\t\t<div class=\"elementor-column elementor-col-50 elementor-top-column elementor-element elementor-element-3c3183c\" data-id=\"3c3183c\" data-element_type=\"column\" data-e-type=\"column\">\n\t\t\t<div class=\"elementor-widget-wrap elementor-element-populated\">\n\t\t\t\t\t\t<div class=\"elementor-element elementor-element-c5b3724 elementor-widget elementor-widget-image\" data-id=\"c5b3724\" data-element_type=\"widget\" data-e-type=\"widget\" data-widget_type=\"image.default\">\n\t\t\t\t<div class=\"elementor-widget-container\">\n\t\t\t\t\t\t\t\t\t\t\t\t\t\t\t<img decoding=\"async\" width=\"584\" height=\"390\" src=\"https:\/\/www.happeningcreation.com\/wp-content\/uploads\/Cabaret-Grimm-BD-SITE-1.jpg\" class=\"attachment-large size-large wp-image-4525\" alt=\"\" srcset=\"https:\/\/www.happeningcreation.com\/wp-content\/uploads\/Cabaret-Grimm-BD-SITE-1.jpg 800w, https:\/\/www.happeningcreation.com\/wp-content\/uploads\/Cabaret-Grimm-BD-SITE-1-300x200.jpg 300w, https:\/\/www.happeningcreation.com\/wp-content\/uploads\/Cabaret-Grimm-BD-SITE-1-768x513.jpg 768w, https:\/\/www.happeningcreation.com\/wp-content\/uploads\/Cabaret-Grimm-BD-SITE-1-449x300.jpg 449w\" sizes=\"(max-width: 584px) 100vw, 584px\" \/>\t\t\t\t\t\t\t\t\t\t\t\t\t\t\t<\/div>\n\t\t\t\t<\/div>\n\t\t\t\t\t<\/div>\n\t\t<\/div>\n\t\t\t\t<div class=\"elementor-column elementor-col-25 elementor-top-column elementor-element elementor-element-c3bbb9f\" data-id=\"c3bbb9f\" data-element_type=\"column\" data-e-type=\"column\">\n\t\t\t<div class=\"elementor-widget-wrap elementor-element-populated\">\n\t\t\t\t\t\t<div class=\"elementor-element elementor-element-de510c3 elementor-widget elementor-widget-image\" data-id=\"de510c3\" data-element_type=\"widget\" data-e-type=\"widget\" data-widget_type=\"image.default\">\n\t\t\t\t<div class=\"elementor-widget-container\">\n\t\t\t\t\t\t\t\t\t\t\t\t\t\t\t<img loading=\"lazy\" decoding=\"async\" width=\"584\" height=\"874\" src=\"https:\/\/www.happeningcreation.com\/wp-content\/uploads\/Cabaret-Grimm-BD-32-684x1024.jpg\" class=\"attachment-large size-large wp-image-4523\" alt=\"\" srcset=\"https:\/\/www.happeningcreation.com\/wp-content\/uploads\/Cabaret-Grimm-BD-32-684x1024.jpg 684w, https:\/\/www.happeningcreation.com\/wp-content\/uploads\/Cabaret-Grimm-BD-32-200x300.jpg 200w, https:\/\/www.happeningcreation.com\/wp-content\/uploads\/Cabaret-Grimm-BD-32-768x1150.jpg 768w, https:\/\/www.happeningcreation.com\/wp-content\/uploads\/Cabaret-Grimm-BD-32-1025x1536.jpg 1025w, https:\/\/www.happeningcreation.com\/wp-content\/uploads\/Cabaret-Grimm-BD-32-1367x2048.jpg 1367w, https:\/\/www.happeningcreation.com\/wp-content\/uploads\/Cabaret-Grimm-BD-32-scaled.jpg 1709w\" sizes=\"(max-width: 584px) 100vw, 584px\" \/>\t\t\t\t\t\t\t\t\t\t\t\t\t\t\t<\/div>\n\t\t\t\t<\/div>\n\t\t\t\t\t<\/div>\n\t\t<\/div>\n\t\t\t\t\t<\/div>\n\t\t<\/section>\n\t\t\t\t<section class=\"elementor-section elementor-top-section elementor-element elementor-element-494edf0 elementor-section-boxed elementor-section-height-default elementor-section-height-default\" data-id=\"494edf0\" data-element_type=\"section\" data-e-type=\"section\">\n\t\t\t\t\t\t<div class=\"elementor-container elementor-column-gap-default\">\n\t\t\t\t\t<div class=\"elementor-column elementor-col-100 elementor-top-column elementor-element elementor-element-36f1223\" data-id=\"36f1223\" data-element_type=\"column\" data-e-type=\"column\">\n\t\t\t<div class=\"elementor-widget-wrap elementor-element-populated\">\n\t\t\t\t\t\t<div class=\"elementor-element elementor-element-501175d elementor-align-center elementor-widget elementor-widget-button\" data-id=\"501175d\" data-element_type=\"widget\" data-e-type=\"widget\" data-widget_type=\"button.default\">\n\t\t\t\t<div class=\"elementor-widget-container\">\n\t\t\t\t\t\t\t\t\t<div class=\"elementor-button-wrapper\">\n\t\t\t\t\t<a class=\"elementor-button elementor-button-link elementor-size-sm\" href=\"https:\/\/www.happeningcreation.com\/wp-content\/uploads\/Dossier-Cabaret-Grimm-3.pdf-1.pdf\" target=\"_blank\">\n\t\t\t\t\t\t<span class=\"elementor-button-content-wrapper\">\n\t\t\t\t\t\t\t\t\t<span class=\"elementor-button-text\">DOSSIER DE PRESENTATION<\/span>\n\t\t\t\t\t<\/span>\n\t\t\t\t\t<\/a>\n\t\t\t\t<\/div>\n\t\t\t\t\t\t\t\t<\/div>\n\t\t\t\t<\/div>\n\t\t\t\t\t<\/div>\n\t\t<\/div>\n\t\t\t\t\t<\/div>\n\t\t<\/section>\n\t\t\t\t<section class=\"elementor-section elementor-top-section elementor-element elementor-element-854ef1c elementor-section-boxed elementor-section-height-default elementor-section-height-default\" data-id=\"854ef1c\" data-element_type=\"section\" data-e-type=\"section\">\n\t\t\t\t\t\t<div class=\"elementor-container elementor-column-gap-default\">\n\t\t\t\t\t<div class=\"elementor-column elementor-col-100 elementor-top-column elementor-element elementor-element-29c34fc\" data-id=\"29c34fc\" data-element_type=\"column\" data-e-type=\"column\">\n\t\t\t<div class=\"elementor-widget-wrap elementor-element-populated\">\n\t\t\t\t\t\t<div class=\"elementor-element elementor-element-8253459 elementor-widget elementor-widget-text-editor\" data-id=\"8253459\" data-element_type=\"widget\" data-e-type=\"widget\" data-widget_type=\"text-editor.default\">\n\t\t\t\t<div class=\"elementor-widget-container\">\n\t\t\t\t\t\t\t\t\t<p>En tourn\u00e9e saison 2026-2027.\u00a0<\/p>\t\t\t\t\t\t\t\t<\/div>\n\t\t\t\t<\/div>\n\t\t\t\t\t<\/div>\n\t\t<\/div>\n\t\t\t\t\t<\/div>\n\t\t<\/section>\n\t\t\t\t<\/div>\n\t\t","protected":false},"excerpt":{"rendered":"<p>Adaptation et mise en sc\u00e8ne : Ned Grujicd\u2019apr\u00e8s les \u0153uvres collect\u00e9s de J. &amp; W. Grimm, \u00e9dit\u00e9s et traduits par Natacha Rimasson-Fertin Avec\u00a0: S\u00e9bastien Bergery, Fr\u00e9d\u00e9ric Chevaux, St\u00e9phanie Gagneux, David Jonqui\u00e8res et Marielle Tognazzoni. Musiques : Ariane Cadier &#8211; Musiques &hellip; <a href=\"https:\/\/www.happeningcreation.com\/?page_id=4510\">Continuer la lecture <span class=\"meta-nav\">&rarr;<\/span><\/a><\/p>\n","protected":false},"author":1,"featured_media":0,"parent":0,"menu_order":0,"comment_status":"closed","ping_status":"closed","template":"","meta":{"om_disable_all_campaigns":false,"_exactmetrics_skip_tracking":false,"_exactmetrics_sitenote_active":false,"_exactmetrics_sitenote_note":"","_exactmetrics_sitenote_category":0,"_monsterinsights_skip_tracking":false,"_monsterinsights_sitenote_active":false,"_monsterinsights_sitenote_note":"","_monsterinsights_sitenote_category":0,"footnotes":""},"class_list":["post-4510","page","type-page","status-publish","hentry"],"aioseo_notices":[],"_links":{"self":[{"href":"https:\/\/www.happeningcreation.com\/index.php?rest_route=\/wp\/v2\/pages\/4510","targetHints":{"allow":["GET"]}}],"collection":[{"href":"https:\/\/www.happeningcreation.com\/index.php?rest_route=\/wp\/v2\/pages"}],"about":[{"href":"https:\/\/www.happeningcreation.com\/index.php?rest_route=\/wp\/v2\/types\/page"}],"author":[{"embeddable":true,"href":"https:\/\/www.happeningcreation.com\/index.php?rest_route=\/wp\/v2\/users\/1"}],"replies":[{"embeddable":true,"href":"https:\/\/www.happeningcreation.com\/index.php?rest_route=%2Fwp%2Fv2%2Fcomments&post=4510"}],"version-history":[{"count":29,"href":"https:\/\/www.happeningcreation.com\/index.php?rest_route=\/wp\/v2\/pages\/4510\/revisions"}],"predecessor-version":[{"id":5027,"href":"https:\/\/www.happeningcreation.com\/index.php?rest_route=\/wp\/v2\/pages\/4510\/revisions\/5027"}],"wp:attachment":[{"href":"https:\/\/www.happeningcreation.com\/index.php?rest_route=%2Fwp%2Fv2%2Fmedia&parent=4510"}],"curies":[{"name":"wp","href":"https:\/\/api.w.org\/{rel}","templated":true}]}}